{"id":14387,"date":"2023-09-06T10:41:48","date_gmt":"2023-09-06T10:41:48","guid":{"rendered":"https:\/\/eo6ingenieria.com\/?page_id=14387"},"modified":"2026-02-05T08:51:30","modified_gmt":"2026-02-05T08:51:30","slug":"idi","status":"publish","type":"page","link":"https:\/\/eo6ingenieria.com\/es\/idi\/","title":{"rendered":"I + D +i"},"content":{"rendered":"<div class=\"vc_row wpb_row vc_row-fluid vc_hidden-xs no-padding-vc-row vc_custom_1713364674557 vc_row-has-fill vc_row-o-full-height vc_row-o-columns-top vc_row-o-equal-height vc_row-o-content-top vc_row-flex amz-container-fluid-no-spaces\"><div class=\"wpb_column vc_column_container vc_col-sm-12 vc_col-has-fill\"><div class=\"vc_column-inner vc_custom_1713364356617\"><div class=\"wpb_wrapper\"><div id=\"ultimate-heading-650069d2d5f0b6099\" class=\"uvc-heading ult-adjust-bottom-margin ultimate-heading-650069d2d5f0b6099 uvc-8653 \" data-hspacer=\"line_only\"  data-halign=\"left\" style=\"text-align:left\"><div class=\"uvc-main-heading ult-responsive\"  data-ultimate-target='.uvc-heading.ultimate-heading-650069d2d5f0b6099 h1'  data-responsive-json-new='{\"font-size\":\"desktop:55px;tablet:30px;tablet_portrait:30px;mobile_landscape:30px;mobile:35px;\",\"line-height\":\"\"}' ><h1 style=\"font-weight:normal;color:#555555;margin-top:80px;\">I + D + i<\/h1><\/div><div class=\"uvc-heading-spacer line_only\" style=\"topheight:2px;\"><span class=\"uvc-headings-line\" style=\"border-style:solid;border-bottom-width:2px;border-color:#f7ac3e;width:100px;\"><\/span><\/div><\/div><\/div><\/div><\/div><\/div><div class=\"vc_row wpb_row vc_row-fluid vc_hidden-lg vc_hidden-md vc_hidden-sm no-padding-vc-row vc_custom_1695218301917 vc_row-has-fill vc_row-o-full-height vc_row-o-columns-top vc_row-o-content-top vc_row-flex amz-container-fluid\"><div class=\"wpb_column vc_column_container vc_col-sm-12 vc_col-has-fill\"><div class=\"vc_column-inner vc_custom_1695207228979\"><div class=\"wpb_wrapper\"><div id=\"ultimate-heading-333969d2d5f0b6ef9\" class=\"uvc-heading ult-adjust-bottom-margin ultimate-heading-333969d2d5f0b6ef9 uvc-6252 \" data-hspacer=\"line_only\"  data-halign=\"left\" style=\"text-align:left\"><div class=\"uvc-main-heading ult-responsive\"  data-ultimate-target='.uvc-heading.ultimate-heading-333969d2d5f0b6ef9 h1'  data-responsive-json-new='{\"font-size\":\"desktop:55px;tablet:30px;tablet_portrait:30px;mobile_landscape:30px;mobile:35px;\",\"line-height\":\"\"}' ><h1 style=\"font-weight:normal;color:#555555;margin-top:300px;\">I + D + i<\/h1><\/div><div class=\"uvc-heading-spacer line_only\" style=\"topheight:2px;\"><span class=\"uvc-headings-line\" style=\"border-style:solid;border-bottom-width:2px;border-color:#f7ac3e;width:100px;\"><\/span><\/div><\/div><\/div><\/div><\/div><\/div><div class=\"vc_row wpb_row vc_row-fluid vc_hidden-xs no-padding-vc-row vc_custom_1695207447703 amz-remove-margin\"><div class=\"container\"><div class=\"vc_row vc_row-fluid \"><div class=\"wpb_column vc_column_container vc_col-sm-12\"><div class=\"vc_column-inner vc_custom_1693999085597\"><div class=\"wpb_wrapper\"><div id=\"ultimate-heading-868769d2d5f0b796c\" class=\"uvc-heading ult-adjust-bottom-margin ultimate-heading-868769d2d5f0b796c uvc-8617 \" data-hspacer=\"line_only\"  data-halign=\"center\" style=\"text-align:center\"><div class=\"uvc-main-heading ult-responsive\"  data-ultimate-target='.uvc-heading.ultimate-heading-868769d2d5f0b796c h3'  data-responsive-json-new='{\"font-size\":\"desktop:36px;tablet:30px;tablet_portrait:30px;mobile_landscape:30px;mobile:35px;\",\"line-height\":\"\"}' ><h3 style=\"font-weight:normal;color:#555555;margin-top:20px;\">PROYECTOS<\/h3><\/div><div class=\"uvc-heading-spacer line_only\" style=\"margin-bottom:10PX;height:3px;\"><span class=\"uvc-headings-line\" style=\"border-style:solid;border-bottom-width:3px;border-color:#f7ac3e;width:70px;\"><\/span><\/div><\/div><div class=\"vc_row wpb_row vc_inner vc_row-fluid vc_custom_1694007212378\"><div class=\"wpb_column vc_column_container vc_col-sm-4\"><div class=\"vc_column-inner vc_custom_1694679715368\"><div class=\"wpb_wrapper\">\n\t<div  class=\"wpb_single_image wpb_content_element vc_align_center  vc_custom_1694619375016\">\n\t\t\n\t\t<figure class=\"wpb_wrapper vc_figure\">\n\t\t\t<a href=\"https:\/\/renercycle.com\/\" target=\"_blank\" class=\"vc_single_image-wrapper   vc_box_border_grey\"><img width=\"768\" height=\"246\" src=\"https:\/\/eo6ingenieria.com\/wp-content\/uploads\/2023\/09\/renercycle_logo_pos-color-768x246-1.png\" class=\"vc_single_image-img attachment-full\" alt=\"\" loading=\"lazy\" srcset=\"https:\/\/eo6ingenieria.com\/wp-content\/uploads\/2023\/09\/renercycle_logo_pos-color-768x246-1.png 768w, https:\/\/eo6ingenieria.com\/wp-content\/uploads\/2023\/09\/renercycle_logo_pos-color-768x246-1-300x96.png 300w, https:\/\/eo6ingenieria.com\/wp-content\/uploads\/2023\/09\/renercycle_logo_pos-color-768x246-1-18x6.png 18w\" sizes=\"(max-width: 768px) 100vw, 768px\" \/><\/a>\n\t\t<\/figure>\n\t<\/div>\n<div class=\"vc_btn3-container vc_btn3-center\" ><a class=\"vc_general vc_btn3 vc_btn3-size-md vc_btn3-shape-rounded vc_btn3-style-modern vc_btn3-color-warning\" href=\"https:\/\/renercycle.com\/\" title=\"Renercycle\" target=\"_blank\">Proyecto<\/a><\/div><\/div><\/div><\/div><div class=\"wpb_column vc_column_container vc_col-sm-8\"><div class=\"vc_column-inner\"><div class=\"wpb_wrapper\"><div id=\"ultimate-heading-546169d2d5f0ba875\" class=\"uvc-heading ult-adjust-bottom-margin ultimate-heading-546169d2d5f0ba875 uvc-3186 \" data-hspacer=\"no_spacer\"  data-halign=\"left\" style=\"text-align:left\"><div class=\"uvc-heading-spacer no_spacer\" style=\"top\"><\/div><div class=\"uvc-main-heading ult-responsive\"  data-ultimate-target='.uvc-heading.ultimate-heading-546169d2d5f0ba875 h6'  data-responsive-json-new='{\"font-size\":\"desktop:25px;tablet:30px;tablet_portrait:30px;mobile_landscape:30px;mobile:35px;\",\"line-height\":\"\"}' ><h6 style=\"font-weight:normal;color:#555555;margin-top:20px;\">Soluci\u00f3n integral de econom\u00eda circular para componentes de aerogeneradores pr\u00f3ximos a desmantelamiento<\/h6><\/div><div class=\"uvc-sub-heading ult-responsive\"  data-ultimate-target='.uvc-heading.ultimate-heading-546169d2d5f0ba875 .uvc-sub-heading '  data-responsive-json-new='{\"font-size\":\"desktop:20px;\",\"line-height\":\"\"}'  style=\"font-weight:normal;\"><\/p>\n<div class=\"wpb_text_column wpb_content_element \">\n<div class=\"wpb_wrapper\" style=\"text-align: justify;\">Este proyecto acomete la problem\u00e1tica que supone el pr\u00f3ximo final de la vida \u00fatil de numerosos parques e\u00f3licos instalados hace m\u00e1s de 20 a\u00f1os, para acercarnos a la plena sostenibilidad del sector. Eo6 Ingenier\u00eda ha desarrollado gemelos digitales de los aerogeneradores y componentes orientados a la valoraci\u00f3n e inspecci\u00f3n in situ.<\/div>\n<\/div>\n<p><\/div><\/div>\n\t<div  class=\"wpb_single_image wpb_content_element vc_align_center  vc_custom_1694680066325\">\n\t\t\n\t\t<figure class=\"wpb_wrapper vc_figure\">\n\t\t\t<div class=\"vc_single_image-wrapper   vc_box_border_grey\"><img class=\"vc_single_image-img \" src=\"https:\/\/eo6ingenieria.com\/wp-content\/uploads\/2023\/01\/prueba-1-500x180.png\" width=\"500\" height=\"180\" alt=\"fondo-europeo\" title=\"fondo-europeo\" \/><\/div>\n\t\t<\/figure>\n\t<\/div>\n<div class=\"vc_btn3-container vc_btn3-center\" ><a class=\"vc_general vc_btn3 vc_btn3-size-md vc_btn3-shape-rounded vc_btn3-style-modern vc_btn3-color-warning\" href=\"https:\/\/eo6ingenieria.com\/infografia-economia-circular\/\" title=\"Infograf\u00eda Econom\u00eda Circular\" target=\"_blank\">+ info<\/a><\/div><\/div><\/div><\/div><\/div><\/div><\/div><\/div><\/div><\/div><\/div><div class=\"vc_row wpb_row vc_row-fluid vc_hidden-xs no-padding-vc-row vc_custom_1695207447703 amz-remove-margin\"><div class=\"container\"><div class=\"vc_row vc_row-fluid \"><div class=\"wpb_column vc_column_container vc_col-sm-12\"><div class=\"vc_column-inner vc_custom_1693999085597\"><div class=\"wpb_wrapper\"><div class=\"vc_row wpb_row vc_inner vc_row-fluid vc_custom_1694007212378\"><div class=\"wpb_column vc_column_container vc_col-sm-4\"><div class=\"vc_column-inner vc_custom_1694679715368\"><div class=\"wpb_wrapper\">\n\t<div class=\"wpb_text_column wpb_content_element \" >\n\t\t<div class=\"wpb_wrapper\">\n\t\t\t<h1>EOLES<\/h1>\n\n\t\t<\/div>\n\t<\/div>\n<\/div><\/div><\/div><div class=\"wpb_column vc_column_container vc_col-sm-8\"><div class=\"vc_column-inner\"><div class=\"wpb_wrapper\"><div id=\"ultimate-heading-411469d2d5f0bda5d\" class=\"uvc-heading ult-adjust-bottom-margin ultimate-heading-411469d2d5f0bda5d uvc-6230 \" data-hspacer=\"no_spacer\"  data-halign=\"left\" style=\"text-align:left\"><div class=\"uvc-heading-spacer no_spacer\" style=\"top\"><\/div><div class=\"uvc-main-heading ult-responsive\"  data-ultimate-target='.uvc-heading.ultimate-heading-411469d2d5f0bda5d h6'  data-responsive-json-new='{\"font-size\":\"desktop:25px;tablet:30px;tablet_portrait:30px;mobile_landscape:30px;mobile:35px;\",\"line-height\":\"\"}' ><h6 style=\"font-weight:normal;color:#555555;margin-top:20px;\">End Of Life wind Energy Strategies<\/h6><\/div><div class=\"uvc-sub-heading ult-responsive\"  data-ultimate-target='.uvc-heading.ultimate-heading-411469d2d5f0bda5d .uvc-sub-heading '  data-responsive-json-new='{\"font-size\":\"desktop:20px;\",\"line-height\":\"\"}'  style=\"font-weight:normal;\"><\/p>\n<div class=\"wpb_text_column wpb_content_element \">\n<div class=\"wpb_wrapper\" style=\"text-align: justify;\">\n<p>EOLES , un ambicioso proyecto de I+D creado en consorcio por EO6 Ingenier\u00eda ,Grupo Empresarial Enhol, TETRACE, RenerCycle, CENER, TAES y DasNano. EOLES tiene como objetivo dise\u00f1ar la primera herramienta cuantitativa que permita evaluar de forma objetiva y comparativa las diferentes estrategias de fin de vida de parques e\u00f3licos.<\/p>\n<p>La soluci\u00f3n propuesta centralizar\u00e1 datos operativos y de dise\u00f1o, integrar\u00e1 modelos subrogados y an\u00e1lisis en tiempo real, y contemplar\u00e1 factores t\u00e9cnicos, econ\u00f3micos, normativos y de circularidad.<\/p>\n<p>EOLES no solo permitir\u00e1 tomar decisiones m\u00e1s fundamentadas y rentables, sino que marcar\u00e1 un antes y un despu\u00e9s en la planificaci\u00f3n estrat\u00e9gica del ciclo de vida e\u00f3lico, posicionando a Navarra como referente europeo en innovaci\u00f3n y circularidad en energ\u00eda renovable.<\/p><\/div>\n<\/div>\n<p><\/div><\/div>\n\t<div  class=\"wpb_single_image wpb_content_element vc_align_center  vc_custom_1763373545464\">\n\t\t\n\t\t<figure class=\"wpb_wrapper vc_figure\">\n\t\t\t<div class=\"vc_single_image-wrapper   vc_box_border_grey\"><img class=\"vc_single_image-img \" src=\"https:\/\/eo6ingenieria.com\/wp-content\/uploads\/2025\/11\/EOLES_EO6INGENIERIA.jpeg-1-e1763373484528.jpg\" width=\"500\" height=\"153\" alt=\"EOLES_EO6INGENIERIA.jpeg-1\" title=\"EOLES_EO6INGENIERIA.jpeg-1\" \/><\/div>\n\t\t<\/figure>\n\t<\/div>\n<\/div><\/div><\/div><\/div><\/div><\/div><\/div><\/div><\/div><\/div><div class=\"vc_row wpb_row vc_row-fluid vc_hidden-lg vc_hidden-md vc_hidden-sm no-padding-vc-row vc_custom_1695207455972 amz-remove-margin\"><div class=\"container\"><div class=\"vc_row vc_row-fluid \"><div class=\"wpb_column vc_column_container vc_col-sm-12\"><div class=\"vc_column-inner vc_custom_1693999085597\"><div class=\"wpb_wrapper\"><div id=\"ultimate-heading-694769d2d5f0bed9c\" class=\"uvc-heading ult-adjust-bottom-margin ultimate-heading-694769d2d5f0bed9c uvc-3996 \" data-hspacer=\"line_only\"  data-halign=\"center\" style=\"text-align:center\"><div class=\"uvc-main-heading ult-responsive\"  data-ultimate-target='.uvc-heading.ultimate-heading-694769d2d5f0bed9c h3'  data-responsive-json-new='{\"font-size\":\"desktop:36px;tablet:30px;tablet_portrait:30px;mobile_landscape:30px;mobile:35px;\",\"line-height\":\"\"}' ><h3 style=\"font-weight:normal;color:#555555;margin-top:20px;\">PROYECTOS<\/h3><\/div><div class=\"uvc-heading-spacer line_only\" style=\"margin-bottom:10PX;height:3px;\"><span class=\"uvc-headings-line\" style=\"border-style:solid;border-bottom-width:3px;border-color:#f7ac3e;width:70px;\"><\/span><\/div><\/div><div class=\"vc_row wpb_row vc_inner vc_row-fluid vc_custom_1695207966646\"><div class=\"wpb_column vc_column_container vc_col-sm-12\"><div class=\"vc_column-inner vc_custom_1695207943574\"><div class=\"wpb_wrapper\">\n\t<div  class=\"wpb_single_image wpb_content_element vc_align_center  vc_custom_1694619375016\">\n\t\t\n\t\t<figure class=\"wpb_wrapper vc_figure\">\n\t\t\t<a href=\"https:\/\/renercycle.com\/\" target=\"_blank\" class=\"vc_single_image-wrapper   vc_box_border_grey\"><img width=\"768\" height=\"246\" src=\"https:\/\/eo6ingenieria.com\/wp-content\/uploads\/2023\/09\/renercycle_logo_pos-color-768x246-1.png\" class=\"vc_single_image-img attachment-full\" alt=\"\" loading=\"lazy\" srcset=\"https:\/\/eo6ingenieria.com\/wp-content\/uploads\/2023\/09\/renercycle_logo_pos-color-768x246-1.png 768w, https:\/\/eo6ingenieria.com\/wp-content\/uploads\/2023\/09\/renercycle_logo_pos-color-768x246-1-300x96.png 300w, https:\/\/eo6ingenieria.com\/wp-content\/uploads\/2023\/09\/renercycle_logo_pos-color-768x246-1-18x6.png 18w\" sizes=\"(max-width: 768px) 100vw, 768px\" \/><\/a>\n\t\t<\/figure>\n\t<\/div>\n<div class=\"vc_btn3-container vc_btn3-center\" ><a class=\"vc_general vc_btn3 vc_btn3-size-md vc_btn3-shape-rounded vc_btn3-style-modern vc_btn3-color-warning\" href=\"https:\/\/renercycle.com\/\" title=\"Renercycle\" target=\"_blank\">Proyecto<\/a><\/div><div id=\"ultimate-heading-898169d2d5f0bfd4b\" class=\"uvc-heading ult-adjust-bottom-margin ultimate-heading-898169d2d5f0bfd4b uvc-9514 \" data-hspacer=\"no_spacer\"  data-halign=\"left\" style=\"text-align:left\"><div class=\"uvc-heading-spacer no_spacer\" style=\"top\"><\/div><div class=\"uvc-main-heading ult-responsive\"  data-ultimate-target='.uvc-heading.ultimate-heading-898169d2d5f0bfd4b h6'  data-responsive-json-new='{\"font-size\":\"desktop:25px;tablet:30px;tablet_portrait:30px;mobile_landscape:30px;mobile:25px;\",\"line-height\":\"\"}' ><h6 style=\"font-weight:normal;color:#555555;margin-top:20px;\">Soluci\u00f3n integral de econom\u00eda circular para componentes de aerogeneradores pr\u00f3ximos a desmantelamiento<\/h6><\/div><div class=\"uvc-sub-heading ult-responsive\"  data-ultimate-target='.uvc-heading.ultimate-heading-898169d2d5f0bfd4b .uvc-sub-heading '  data-responsive-json-new='{\"font-size\":\"desktop:20px;\",\"line-height\":\"\"}'  style=\"font-weight:normal;\"><\/p>\n<div class=\"wpb_text_column wpb_content_element \">\n<div class=\"wpb_wrapper\" style=\"text-align: justify;\">Este proyecto acomete la problem\u00e1tica que supone el pr\u00f3ximo final de la vida \u00fatil de numerosos parques e\u00f3licos instalados hace m\u00e1s de 20 a\u00f1os, para acercarnos a la plena sostenibilidad del sector. Eo6 Ingenier\u00eda ha desarrollado gemelos digitales de los aerogeneradores y componentes orientados a la valoraci\u00f3n e inspecci\u00f3n in situ.<\/div>\n<\/div>\n<p><\/div><\/div>\n\t<div  class=\"wpb_single_image wpb_content_element vc_align_center  vc_custom_1694680066325\">\n\t\t\n\t\t<figure class=\"wpb_wrapper vc_figure\">\n\t\t\t<div class=\"vc_single_image-wrapper   vc_box_border_grey\"><img class=\"vc_single_image-img \" src=\"https:\/\/eo6ingenieria.com\/wp-content\/uploads\/2023\/01\/prueba-1-500x180.png\" width=\"500\" height=\"180\" alt=\"fondo-europeo\" title=\"fondo-europeo\" \/><\/div>\n\t\t<\/figure>\n\t<\/div>\n<div class=\"vc_btn3-container vc_btn3-center\" ><a class=\"vc_general vc_btn3 vc_btn3-size-md vc_btn3-shape-rounded vc_btn3-style-modern vc_btn3-color-warning\" href=\"https:\/\/eo6ingenieria.com\/infografia-economia-circular\/\" title=\"Infograf\u00eda Econom\u00eda Circular\" target=\"_blank\">+ info<\/a><\/div><\/div><\/div><\/div><\/div><\/div><\/div><\/div><\/div><\/div><\/div><div class=\"vc_row wpb_row vc_row-fluid vc_hidden-lg vc_hidden-md vc_hidden-sm no-padding-vc-row vc_custom_1770281490598 amz-remove-margin\"><div class=\"container\"><div class=\"vc_row vc_row-fluid \"><div class=\"wpb_column vc_column_container vc_col-sm-12\"><div class=\"vc_column-inner vc_custom_1693999085597\"><div class=\"wpb_wrapper\"><div class=\"vc_row wpb_row vc_inner vc_row-fluid vc_custom_1694007212378\"><div class=\"wpb_column vc_column_container vc_col-sm-4\"><div class=\"vc_column-inner vc_custom_1694679715368\"><div class=\"wpb_wrapper\">\n\t<div class=\"wpb_text_column wpb_content_element \" >\n\t\t<div class=\"wpb_wrapper\">\n\t\t\t<h1>EOLES<\/h1>\n\n\t\t<\/div>\n\t<\/div>\n<\/div><\/div><\/div><div class=\"wpb_column vc_column_container vc_col-sm-8\"><div class=\"vc_column-inner\"><div class=\"wpb_wrapper\"><div id=\"ultimate-heading-900169d2d5f0c21bc\" class=\"uvc-heading ult-adjust-bottom-margin ultimate-heading-900169d2d5f0c21bc uvc-5316 \" data-hspacer=\"no_spacer\"  data-halign=\"left\" style=\"text-align:left\"><div class=\"uvc-heading-spacer no_spacer\" style=\"top\"><\/div><div class=\"uvc-main-heading ult-responsive\"  data-ultimate-target='.uvc-heading.ultimate-heading-900169d2d5f0c21bc h6'  data-responsive-json-new='{\"font-size\":\"desktop:25px;tablet:30px;tablet_portrait:30px;mobile_landscape:30px;mobile:35px;\",\"line-height\":\"\"}' ><h6 style=\"font-weight:normal;color:#555555;margin-top:20px;\">End Of Life wind Energy Strategies<\/h6><\/div><div class=\"uvc-sub-heading ult-responsive\"  data-ultimate-target='.uvc-heading.ultimate-heading-900169d2d5f0c21bc .uvc-sub-heading '  data-responsive-json-new='{\"font-size\":\"desktop:20px;\",\"line-height\":\"\"}'  style=\"font-weight:normal;\"><\/p>\n<div class=\"wpb_text_column wpb_content_element \">\n<div class=\"wpb_wrapper\" style=\"text-align: justify;\">\n<p>EOLES , un ambicioso proyecto de I+D creado en consorcio por EO6 Ingenier\u00eda ,Grupo Empresarial Enhol, TETRACE, RenerCycle, CENER, TAES y DasNano. EOLES tiene como objetivo dise\u00f1ar la primera herramienta cuantitativa que permita evaluar de forma objetiva y comparativa las diferentes estrategias de fin de vida de parques e\u00f3licos.<\/p>\n<p>La soluci\u00f3n propuesta centralizar\u00e1 datos operativos y de dise\u00f1o, integrar\u00e1 modelos subrogados y an\u00e1lisis en tiempo real, y contemplar\u00e1 factores t\u00e9cnicos, econ\u00f3micos, normativos y de circularidad.<\/p>\n<p>EOLES no solo permitir\u00e1 tomar decisiones m\u00e1s fundamentadas y rentables, sino que marcar\u00e1 un antes y un despu\u00e9s en la planificaci\u00f3n estrat\u00e9gica del ciclo de vida e\u00f3lico, posicionando a Navarra como referente europeo en innovaci\u00f3n y circularidad en energ\u00eda renovable.<\/p><\/div>\n<\/div>\n<p><\/div><\/div>\n\t<div  class=\"wpb_single_image wpb_content_element vc_align_center  vc_custom_1763373545464\">\n\t\t\n\t\t<figure class=\"wpb_wrapper vc_figure\">\n\t\t\t<div class=\"vc_single_image-wrapper   vc_box_border_grey\"><img class=\"vc_single_image-img \" src=\"https:\/\/eo6ingenieria.com\/wp-content\/uploads\/2025\/11\/EOLES_EO6INGENIERIA.jpeg-1-e1763373484528.jpg\" width=\"500\" height=\"153\" alt=\"EOLES_EO6INGENIERIA.jpeg-1\" title=\"EOLES_EO6INGENIERIA.jpeg-1\" \/><\/div>\n\t\t<\/figure>\n\t<\/div>\n<\/div><\/div><\/div><\/div><\/div><\/div><\/div><\/div><\/div><\/div>\n","protected":false},"excerpt":{"rendered":"I + D + iI + D + iPROYECTOS ProyectoSoluci\u00f3n integral de econom\u00eda circular para componentes de aerogeneradores pr\u00f3ximos a desmantelamiento Este proyecto acomete la problem\u00e1tica que supone el pr\u00f3ximo final de la vida \u00fatil de numerosos parques e\u00f3licos instalados...","protected":false},"author":1,"featured_media":0,"parent":0,"menu_order":0,"comment_status":"closed","ping_status":"closed","template":"","meta":{"_monsterinsights_skip_tracking":false,"_monsterinsights_sitenote_active":false,"_monsterinsights_sitenote_note":"","_monsterinsights_sitenote_category":0},"yoast_head":"<!-- This site is optimized with the Yoast SEO plugin v17.6 - https:\/\/yoast.com\/wordpress\/plugins\/seo\/ -->\n<title>I + D +i - Eo6 Ingenieria<\/title>\n<meta name=\"robots\" content=\"index, follow, max-snippet:-1, max-image-preview:large, max-video-preview:-1\" \/>\n<link rel=\"canonical\" href=\"https:\/\/eo6ingenieria.com\/es\/idi\/\" \/>\n<meta property=\"og:locale\" content=\"es_ES\" \/>\n<meta property=\"og:type\" content=\"article\" \/>\n<meta property=\"og:title\" content=\"I + D +i - Eo6 Ingenieria\" \/>\n<meta property=\"og:url\" content=\"https:\/\/eo6ingenieria.com\/es\/idi\/\" \/>\n<meta property=\"og:site_name\" content=\"Eo6 Ingenieria\" \/>\n<meta property=\"article:modified_time\" content=\"2026-02-05T08:51:30+00:00\" \/>\n<meta name=\"twitter:card\" content=\"summary_large_image\" \/>\n<meta name=\"twitter:label1\" content=\"Tiempo de lectura\" \/>\n\t<meta name=\"twitter:data1\" content=\"3 minutos\" \/>\n<script type=\"application\/ld+json\" class=\"yoast-schema-graph\">{\"@context\":\"https:\/\/schema.org\",\"@graph\":[{\"@type\":\"Organization\",\"@id\":\"https:\/\/eo6ingenieria.com\/es\/#organization\",\"name\":\"EO6 Ingenieria\",\"url\":\"https:\/\/eo6ingenieria.com\/es\/\",\"sameAs\":[\"https:\/\/es.linkedin.com\/company\/eo6-ingenieria-slp\"],\"logo\":{\"@type\":\"ImageObject\",\"@id\":\"https:\/\/eo6ingenieria.com\/es\/#logo\",\"inLanguage\":\"es\",\"url\":\"https:\/\/eo6ingenieria.com\/wp-content\/uploads\/2020\/11\/logo-espacios-grande.png\",\"contentUrl\":\"https:\/\/eo6ingenieria.com\/wp-content\/uploads\/2020\/11\/logo-espacios-grande.png\",\"width\":542,\"height\":242,\"caption\":\"EO6 Ingenieria\"},\"image\":{\"@id\":\"https:\/\/eo6ingenieria.com\/es\/#logo\"}},{\"@type\":\"WebSite\",\"@id\":\"https:\/\/eo6ingenieria.com\/es\/#website\",\"url\":\"https:\/\/eo6ingenieria.com\/es\/\",\"name\":\"eo6 Ingenieria\",\"description\":\"Empresa de servicios avanzados de ingenieria\",\"publisher\":{\"@id\":\"https:\/\/eo6ingenieria.com\/es\/#organization\"},\"potentialAction\":[{\"@type\":\"SearchAction\",\"target\":{\"@type\":\"EntryPoint\",\"urlTemplate\":\"https:\/\/eo6ingenieria.com\/es\/?s={search_term_string}\"},\"query-input\":\"required name=search_term_string\"}],\"inLanguage\":\"es\"},{\"@type\":\"WebPage\",\"@id\":\"https:\/\/eo6ingenieria.com\/idi\/#webpage\",\"url\":\"https:\/\/eo6ingenieria.com\/idi\/\",\"name\":\"I + D +i - Eo6 Ingenieria\",\"isPartOf\":{\"@id\":\"https:\/\/eo6ingenieria.com\/es\/#website\"},\"datePublished\":\"2023-09-06T10:41:48+00:00\",\"dateModified\":\"2026-02-05T08:51:30+00:00\",\"breadcrumb\":{\"@id\":\"https:\/\/eo6ingenieria.com\/idi\/#breadcrumb\"},\"inLanguage\":\"es\",\"potentialAction\":[{\"@type\":\"ReadAction\",\"target\":[\"https:\/\/eo6ingenieria.com\/idi\/\"]}]},{\"@type\":\"BreadcrumbList\",\"@id\":\"https:\/\/eo6ingenieria.com\/idi\/#breadcrumb\",\"itemListElement\":[{\"@type\":\"ListItem\",\"position\":1,\"name\":\"Portada\",\"item\":\"https:\/\/eo6ingenieria.com\/\"},{\"@type\":\"ListItem\",\"position\":2,\"name\":\"I + D +i\"}]}]}<\/script>\n<!-- \/ Yoast SEO plugin. -->","yoast_head_json":{"title":"I + D +i - Eo6 Ingenieria","robots":{"index":"index","follow":"follow","max-snippet":"max-snippet:-1","max-image-preview":"max-image-preview:large","max-video-preview":"max-video-preview:-1"},"canonical":"https:\/\/eo6ingenieria.com\/es\/idi\/","og_locale":"es_ES","og_type":"article","og_title":"I + D +i - Eo6 Ingenieria","og_url":"https:\/\/eo6ingenieria.com\/es\/idi\/","og_site_name":"Eo6 Ingenieria","article_modified_time":"2026-02-05T08:51:30+00:00","twitter_card":"summary_large_image","twitter_misc":{"Tiempo de lectura":"3 minutos"},"schema":{"@context":"https:\/\/schema.org","@graph":[{"@type":"Organization","@id":"https:\/\/eo6ingenieria.com\/es\/#organization","name":"EO6 Ingenieria","url":"https:\/\/eo6ingenieria.com\/es\/","sameAs":["https:\/\/es.linkedin.com\/company\/eo6-ingenieria-slp"],"logo":{"@type":"ImageObject","@id":"https:\/\/eo6ingenieria.com\/es\/#logo","inLanguage":"es","url":"https:\/\/eo6ingenieria.com\/wp-content\/uploads\/2020\/11\/logo-espacios-grande.png","contentUrl":"https:\/\/eo6ingenieria.com\/wp-content\/uploads\/2020\/11\/logo-espacios-grande.png","width":542,"height":242,"caption":"EO6 Ingenieria"},"image":{"@id":"https:\/\/eo6ingenieria.com\/es\/#logo"}},{"@type":"WebSite","@id":"https:\/\/eo6ingenieria.com\/es\/#website","url":"https:\/\/eo6ingenieria.com\/es\/","name":"eo6 Ingenieria","description":"Empresa de servicios avanzados de ingenieria","publisher":{"@id":"https:\/\/eo6ingenieria.com\/es\/#organization"},"potentialAction":[{"@type":"SearchAction","target":{"@type":"EntryPoint","urlTemplate":"https:\/\/eo6ingenieria.com\/es\/?s={search_term_string}"},"query-input":"required name=search_term_string"}],"inLanguage":"es"},{"@type":"WebPage","@id":"https:\/\/eo6ingenieria.com\/idi\/#webpage","url":"https:\/\/eo6ingenieria.com\/idi\/","name":"I + D +i - Eo6 Ingenieria","isPartOf":{"@id":"https:\/\/eo6ingenieria.com\/es\/#website"},"datePublished":"2023-09-06T10:41:48+00:00","dateModified":"2026-02-05T08:51:30+00:00","breadcrumb":{"@id":"https:\/\/eo6ingenieria.com\/idi\/#breadcrumb"},"inLanguage":"es","potentialAction":[{"@type":"ReadAction","target":["https:\/\/eo6ingenieria.com\/idi\/"]}]},{"@type":"BreadcrumbList","@id":"https:\/\/eo6ingenieria.com\/idi\/#breadcrumb","itemListElement":[{"@type":"ListItem","position":1,"name":"Portada","item":"https:\/\/eo6ingenieria.com\/"},{"@type":"ListItem","position":2,"name":"I + D +i"}]}]}},"_links":{"self":[{"href":"https:\/\/eo6ingenieria.com\/es\/wp-json\/wp\/v2\/pages\/14387"}],"collection":[{"href":"https:\/\/eo6ingenieria.com\/es\/wp-json\/wp\/v2\/pages"}],"about":[{"href":"https:\/\/eo6ingenieria.com\/es\/wp-json\/wp\/v2\/types\/page"}],"author":[{"embeddable":true,"href":"https:\/\/eo6ingenieria.com\/es\/wp-json\/wp\/v2\/users\/1"}],"replies":[{"embeddable":true,"href":"https:\/\/eo6ingenieria.com\/es\/wp-json\/wp\/v2\/comments?post=14387"}],"version-history":[{"count":123,"href":"https:\/\/eo6ingenieria.com\/es\/wp-json\/wp\/v2\/pages\/14387\/revisions"}],"predecessor-version":[{"id":14700,"href":"https:\/\/eo6ingenieria.com\/es\/wp-json\/wp\/v2\/pages\/14387\/revisions\/14700"}],"wp:attachment":[{"href":"https:\/\/eo6ingenieria.com\/es\/wp-json\/wp\/v2\/media?parent=14387"}],"curies":[{"name":"wp","href":"https:\/\/api.w.org\/{rel}","templated":true}]}}