{"id":12436,"date":"2020-04-07T14:10:37","date_gmt":"2020-04-07T14:10:37","guid":{"rendered":"https:\/\/eo6ingenieria.com\/?page_id=12436"},"modified":"2025-03-12T15:52:32","modified_gmt":"2025-03-12T15:52:32","slug":"cookies-policy","status":"publish","type":"page","link":"https:\/\/eo6ingenieria.com\/es\/cookies-policy\/","title":{"rendered":"COOKIES POLICY"},"content":{"rendered":"<div class=\"vc_row wpb_row vc_row-fluid container\"><div class=\"wpb_column vc_column_container vc_col-sm-12\"><div class=\"vc_column-inner \"><div class=\"wpb_wrapper\"><div id=\"ultimate-heading-844969d2dbaf2eb89\" class=\"uvc-heading ult-adjust-bottom-margin ultimate-heading-844969d2dbaf2eb89 uvc-6333 \" data-hspacer=\"no_spacer\"  data-halign=\"left\" style=\"text-align:left\"><div class=\"uvc-heading-spacer no_spacer\" style=\"top\"><\/div><div class=\"uvc-main-heading ult-responsive\"  data-ultimate-target='.uvc-heading.ultimate-heading-844969d2dbaf2eb89 h2'  data-responsive-json-new='{\"font-size\":\"desktop:36px;\",\"line-height\":\"\"}' ><h2 style=\"font-weight:normal;color:#555555;margin-bottom:30px;\">POL\u00cdTICA DE COOKIES <\/h2><\/div><div class=\"uvc-sub-heading ult-responsive\"  data-ultimate-target='.uvc-heading.ultimate-heading-844969d2dbaf2eb89 .uvc-sub-heading '  data-responsive-json-new='{\"font-size\":\"\",\"line-height\":\"\"}'  style=\"font-weight:normal;\">EO6 INGENIERIA SLP informa acerca del uso de las Cookies en su p\u00e1gina web:\u00a0 <em>www.eo6ingenieria.com<\/em><\/p>\n<h3>DEFINICI\u00d3N Y FUNCI\u00d3N GENERICA DE LAS COOKIES<\/h3>\n<p><strong>\u00bfQu\u00e9 son las Cookies?<\/strong><\/p>\n<p style=\"text-align: justify;\">Este sitio web utiliza Cookies y\/o tecnolog\u00edas similares que almacenan y recuperan informaci\u00f3n de quien navega por nuestra web. Una cookie es un peque\u00f1o archivo de texto que se almacena en el navegador utilizado y cuya finalidad principal es recordar a quien ya ha visitado la p\u00e1gina, permitir o facilitar la navegaci\u00f3n, guardar informaci\u00f3n sobre sus preferencias, analizar c\u00f3mo interact\u00faa o medir el uso que se hace de los servicios prestados desde la web y poder mejorarlos. En ocasiones tambi\u00e9n se usar\u00e1n para poder mostrarle publicidad en funci\u00f3n de sus h\u00e1bitos y perfil de navegaci\u00f3n.<\/p>\n<p style=\"text-align: justify;\">En general las cookies pueden servir para finalidades muy diversas, como, por ejemplo, reconocer al usuario, obtener informaci\u00f3n sobre tus h\u00e1bitos de navegaci\u00f3n, o personalizar la forma en que se muestra el contenido.<\/p>\n<p><strong>\u00bfPara qu\u00e9 NO se utilizan las Cookies en esta web?<\/strong><\/p>\n<p style=\"text-align: justify;\">No almacenamos informaci\u00f3n sensible que permita su identificaci\u00f3n personal de manera directa, como su direcci\u00f3n, su contrase\u00f1a, los datos de su tarjeta de cr\u00e9dito o d\u00e9bito, etc., en las Cookies que utilizamos.<\/p>\n<p style=\"text-align: justify;\">Los usos concretos que hacemos de estas tecnolog\u00edas se describen a continuaci\u00f3n.<\/p>\n<h3>INFORMACI\u00d3N SOBRE EL TIPO DE COOKIES QUE SE UTILIZAN Y SU FINALIDAD<\/h3>\n<p style=\"text-align: justify;\">De conformidad con lo establecido en la Ley de servicios de la sociedad de la informaci\u00f3n y comercio electr\u00f3nico y de conformidad con las directrices establecidas por la Agencia Espa\u00f1ola de protecci\u00f3n de datos le informamos en el siguiente apartado, de las cookies existentes en nuestra web<\/p>\n<h3>IDENTIFICACION DE QUIEN UTILIZA LAS COOKIES.<\/h3>\n<p style=\"text-align: justify;\">En funci\u00f3n de quien usar\u00e1 las cookies estas pueden ser propias o de terceros<\/p>\n<p style=\"text-align: justify;\">\u00a0\u00a0\u00a0 <strong>Propias: <\/strong>Son aqu\u00e9llas que se env\u00edan al equipo terminal del usuario desde un equipo o dominio gestionado por el propio editor y desde el que se presta el servicio solicitado por el usuario<\/p>\n<p style=\"text-align: justify;\"><strong>\u00a0\u00a0\u00a0 De terceros: <\/strong>Son aqu\u00e9llas que se env\u00edan al equipo terminal del usuario desde un equipo o dominio que no es gestionado por el editor, sino por otra entidad que trata los datos obtenidos trav\u00e9s de las cookies<\/p>\n<h3>TIPOS DE COOKIES<\/h3>\n<p style=\"text-align: justify;\">Para que pueda prestar un consentimiento plenamente informado,se describe a continuaci\u00f3n en qu\u00e9 consiste y cu\u00e1l es la finalidad de cada tipo de cookie<\/p>\n<p style=\"text-align: justify;\"><strong>Cookies t\u00e9cnicas<\/strong> permiten a la persona usuaria la navegaci\u00f3n a trav\u00e9s de una p\u00e1gina web, plataforma o aplicaci\u00f3n y la utilizaci\u00f3n de las diferentes opciones o servicios que en ella existan, incluyendo la gesti\u00f3n y operativa de la p\u00e1gina web y habilitar sus funciones y servicios, como, por ejemplo, identificar la sesi\u00f3n, acceder a partes de acceso restringido, recordar los elementos que integran un pedido, realizar el proceso de compra de un pedido, gestionar el pago. La p\u00e1gina web no puede funcionar adecuadamente sin estas cookies por lo que se consideran necesarias y no requieren de su consentimiento. Sin embargo, si estas cookies se utilizan para finalidades no exentas de consentimiento (por ejemplo, para fines publicitarios comportamentales), \u00e9ste deber\u00e1 prestarse por el usuario.<\/p>\n<p style=\"text-align: justify;\"><strong>Cookies de preferencias<\/strong> o <strong>personalizaci\u00f3n<\/strong> permiten a la p\u00e1gina web recordar informaci\u00f3n que cambia la forma en que la p\u00e1gina se comporta o el aspecto que tiene de modo que el usuario acceda al servicio con determinadas caracter\u00edsticas que pueden diferenciar sus opciones de uso del sitio web a las de otros usuarios, como, por ejemplo, el idioma, el n\u00famero de resultados a mostrar cuando el usuario realiza una b\u00fasqueda o la regi\u00f3n en la que el usuario se encuentra.<\/p>\n<p style=\"text-align: justify;\">Si es el propio usuario quien elige esas caracter\u00edsticas, por ejemplo, marcando la bandera del idioma, se considera un servicio expresamente solicitado siempre y cuando las cookies obedezcan exclusivamente a la finalidad seleccionada de personalizaci\u00f3n. Estas cookies no requieren de consentimiento. Siempre y cuando no puedan ser utilizadas para otras finalidades (como podr\u00eda ser, por ejemplo, la personalizaci\u00f3n de contenidos publicitarios), ni para elaborar un perfil del usuario.<\/p>\n<p style=\"text-align: justify;\"><strong>Cookies de an\u00e1lisis<\/strong> o <strong>medici\u00f3n<\/strong> son aquellas que permiten comprender c\u00f3mo interact\u00faan los visitantes con las p\u00e1ginas web y as\u00ed realizar el an\u00e1lisis estad\u00edstico del uso que hacen las personas usuarias de la web de los servicios prestados. La informaci\u00f3n recogida se utiliza en la medici\u00f3n de la actividad de los sitios web o aplicaci\u00f3n con el fin de introducir mejoras en los productos y servicios ofrecidos por el responsable.<\/p>\n<p style=\"text-align: justify;\">Permiten cuantificar el n\u00famero de usuarios y as\u00ed realizar la medici\u00f3n y an\u00e1lisis estad\u00edstico de la utilizaci\u00f3n que hacen los usuarios del servicio ofertado. Para ello se analiza su navegaci\u00f3n en la p\u00e1gina web con el fin de mejorar la oferta de productos o servicios que le ofrecemos.<\/p>\n<p style=\"text-align: justify;\"><strong>Cookies de marketing<\/strong> o <strong>publicidad comportamental<\/strong> almacenan informaci\u00f3n del comportamiento de los usuarios obtenida a trav\u00e9s de la observaci\u00f3n continuada de sus h\u00e1bitos de navegaci\u00f3n, lo que permite desarrollar un perfil espec\u00edfico para mostrar anuncios relevantes y atractivos para el usuario individual, y por lo tanto, m\u00e1s valiosos para los terceros anunciantes.<\/p>\n<h3>TIPOS DE COOKIES SEG\u00daN EL PLAZO DE TIEMPO QUE PERMANECEN ACTIVADAS<\/h3>\n<p style=\"text-align: justify;\"><strong>Cookies de sesi\u00f3n: <\/strong>son aquellas dise\u00f1adas para recabar y almacenar datos mientras el usuario accede a una p\u00e1gina web. Se suelen emplear para almacenar informaci\u00f3n que solo interesa conservar para la prestaci\u00f3n del servicio solicitado por el usuario en una sola ocasi\u00f3n (por ejemplo, una lista de productos adquiridos) y desaparecen al terminar la sesi\u00f3n.<\/p>\n<p style=\"text-align: justify;\"><strong>Cookies persistentes: <\/strong>son aquellas en las que los datos siguen almacenados en el terminal y pueden ser accedidos y tratados durante un periodo definido por el responsable de la cookie, y que puede ir de unos minutos a varios a\u00f1os.<\/p>\n<p style=\"text-align: justify;\">Este sitio web utiliza cookies que permiten el funcionamiento y la prestaci\u00f3n de los servicios ofrecidos en el mismo. Empleamos cookies y\/o tecnolog\u00edas similares que almacenan y recuperan informaci\u00f3n cuando navegas. En general, estas tecnolog\u00edas pueden servir para finalidades muy diversas, como, por ejemplo, reconocerte como usuario, obtener informaci\u00f3n sobre tus h\u00e1bitos de navegaci\u00f3n, o personalizar la forma en que se muestra el contenido. Los usos concretos que hacemos de estas tecnolog\u00edas se describen a continuaci\u00f3n.<\/p>\n<p style=\"text-align: justify;\">Usamos cookies propias y de terceros de tipo t\u00e9cnicas, personalizaci\u00f3n, an\u00e1lisis, publicidad, para las finalidades que a continuaci\u00f3n se exponen en la siguiente declaraci\u00f3n de cookies:<\/p>\n\n<table id=\"tablepress-3\" class=\"tablepress tablepress-id-3\">\n<thead>\n<tr class=\"row-1 odd\">\n\t<th class=\"column-1\">TIPO<\/th><th class=\"column-2\">NOMBRE<\/th><th class=\"column-3\">FINALIDAD<\/th><th class=\"column-4\">CADUCIDAD<\/th><th class=\"column-5\">PROPIAS\/TERCEROS<\/th>\n<\/tr>\n<\/thead>\n<tbody>\n<tr class=\"row-2 even\">\n\t<td class=\"column-1\">TECNICA<\/td><td class=\"column-2\"> T\u00c9CNICA<br \/>\n<\/td><td class=\"column-3\">Almacenar informaci\u00f3n del usuario, contenido del carrito de compra y par\u00e1metros de configuraci\u00f3n.<\/td><td class=\"column-4\">20 d\u00edas<\/td><td class=\"column-5\">PROPIA<\/td>\n<\/tr>\n<tr class=\"row-3 odd\">\n\t<td class=\"column-1\">TECNICA<\/td><td class=\"column-2\">GOOGLE ANALYTICS<\/td><td class=\"column-3\">Son cookies de terceros (Google Inc.) de an\u00e1lisis que permiten el seguimiento y an\u00e1lisis del comportamiento de los\/las USUARIOS\/AS de los sitios web a los que est\u00e1n vinculadas. La informaci\u00f3n recogida mediante este tipo de cookies se utiliza en la medici\u00f3n de la actividad de los sitios web, aplicaci\u00f3n o plataforma y para la elaboraci\u00f3n de perfiles de navegaci\u00f3n de los\/las USUARIOS\/AS de dichos sitios, aplicaciones y plataformas, con el fin de introducir mejoras en funci\u00f3n del an\u00e1lisis de los datos de uso que hacen los\/las USUARIOS\/AS del servicio.<\/td><td class=\"column-4\">24 meses<\/td><td class=\"column-5\">TERCEROS<\/td>\n<\/tr>\n<\/tbody>\n<\/table>\n<!-- #tablepress-3 from cache -->\n<p>Para las cookies de an\u00e1lisis y de publicidad necesitamos su consentimiento que podremos obtener si pulsa en el bot\u00f3n \u201cAcepto\u201d en el mensaje de informaci\u00f3n que se muestra al acceder a nuestra p\u00e1gina web.<\/p>\n<p>Si desactiva las cookies, podr\u00e1 seguir accediendo a la web pero puede que la navegaci\u00f3n por esta no sea \u00f3ptima y alguno de los servicios ofrecidos no funcionen correctamente.<\/p>\n<p>Puede permitir, bloquear o eliminar las cookies instaladas en su dispositivo a trav\u00e9s del men\u00fa de configuraci\u00f3n de su navegador de internet, pudiendo configurarlo para que bloquee las cookies o alerte al usuario cuando un servidor quiera guardarla. Los siguientes enlaces proporcionan informaci\u00f3n en relaci\u00f3n con c\u00f3mo configurar y\/o deshabilitar las cookies para cada uno de los principales navegadores del mercado a fin de que el usuario pueda decidir si acepta o no el uso de cookies.<\/p>\n<ul>\n<li><a href=\"https:\/\/support.microsoft.com\/es-es\/help\/17442\/windows-internet-explorer-delete-manage-cookies\">Microsoft Edge<\/a>: Configuraci\u00f3n y m\u00e1s&gt; Permisos del sitio.<\/li>\n<li><a href=\"https:\/\/support.mozilla.org\/es\/kb\/habilitar-y-deshabilitar-cookies-sitios-web-rastrear-preferencias?redirectlocale=es&amp;redirectslug=habilitar-y-deshabilitar-cookies-que-los-sitios-we\">Firefox<\/a>: men\u00fa Herramientas &gt; Opciones &gt; Privacidad &gt; Cookies.<\/li>\n<li><a href=\"https:\/\/support.google.com\/accounts\/answer\/61416?hl=es\">Chrome<\/a>: men\u00fa Opciones &gt; Opciones avanzadas &gt; Privacidad.<\/li>\n<li><a href=\"https:\/\/support.apple.com\/es-es\/guide\/safari\/sfri11471\/mac\">Safari:<\/a> men\u00fa Preferencias\/Privacidad.<\/li>\n<li><a href=\"https:\/\/support.apple.com\/es-es\/HT201265\">Safari para IOS<\/a> (iPhone y iPad): Opci\u00f3n Ajustes &gt; Safari<\/li>\n<\/ul>\n<p><\/div><\/div><\/div><\/div><\/div><\/div>\n","protected":false},"excerpt":{"rendered":"POL\u00cdTICA DE COOKIES EO6 INGENIERIA SLP informa acerca del uso de las Cookies en su p\u00e1gina web:\u00a0 www.eo6ingenieria.com DEFINICI\u00d3N Y FUNCI\u00d3N GENERICA DE LAS COOKIES \u00bfQu\u00e9 son las Cookies? Este sitio web utiliza Cookies y\/o tecnolog\u00edas similares que almacenan y...","protected":false},"author":1,"featured_media":0,"parent":0,"menu_order":0,"comment_status":"closed","ping_status":"closed","template":"","meta":{"_monsterinsights_skip_tracking":false,"_monsterinsights_sitenote_active":false,"_monsterinsights_sitenote_note":"","_monsterinsights_sitenote_category":0},"yoast_head":"<!-- This site is optimized with the Yoast SEO plugin v17.6 - https:\/\/yoast.com\/wordpress\/plugins\/seo\/ -->\n<title>COOKIES POLICY - Eo6 Ingenieria<\/title>\n<meta name=\"robots\" content=\"index, follow, max-snippet:-1, max-image-preview:large, max-video-preview:-1\" \/>\n<link rel=\"canonical\" href=\"https:\/\/eo6ingenieria.com\/es\/cookies-policy\/\" \/>\n<meta property=\"og:locale\" content=\"es_ES\" \/>\n<meta property=\"og:type\" content=\"article\" \/>\n<meta property=\"og:title\" content=\"COOKIES POLICY - Eo6 Ingenieria\" \/>\n<meta property=\"og:url\" content=\"https:\/\/eo6ingenieria.com\/es\/cookies-policy\/\" \/>\n<meta property=\"og:site_name\" content=\"Eo6 Ingenieria\" \/>\n<meta property=\"article:modified_time\" content=\"2025-03-12T15:52:32+00:00\" \/>\n<meta name=\"twitter:card\" content=\"summary_large_image\" \/>\n<meta name=\"twitter:label1\" content=\"Tiempo de lectura\" \/>\n\t<meta name=\"twitter:data1\" content=\"5 minutos\" \/>\n<script type=\"application\/ld+json\" class=\"yoast-schema-graph\">{\"@context\":\"https:\/\/schema.org\",\"@graph\":[{\"@type\":\"Organization\",\"@id\":\"https:\/\/eo6ingenieria.com\/es\/#organization\",\"name\":\"EO6 Ingenieria\",\"url\":\"https:\/\/eo6ingenieria.com\/es\/\",\"sameAs\":[\"https:\/\/es.linkedin.com\/company\/eo6-ingenieria-slp\"],\"logo\":{\"@type\":\"ImageObject\",\"@id\":\"https:\/\/eo6ingenieria.com\/es\/#logo\",\"inLanguage\":\"es\",\"url\":\"https:\/\/eo6ingenieria.com\/wp-content\/uploads\/2020\/11\/logo-espacios-grande.png\",\"contentUrl\":\"https:\/\/eo6ingenieria.com\/wp-content\/uploads\/2020\/11\/logo-espacios-grande.png\",\"width\":542,\"height\":242,\"caption\":\"EO6 Ingenieria\"},\"image\":{\"@id\":\"https:\/\/eo6ingenieria.com\/es\/#logo\"}},{\"@type\":\"WebSite\",\"@id\":\"https:\/\/eo6ingenieria.com\/es\/#website\",\"url\":\"https:\/\/eo6ingenieria.com\/es\/\",\"name\":\"eo6 Ingenieria\",\"description\":\"Empresa de servicios avanzados de ingenieria\",\"publisher\":{\"@id\":\"https:\/\/eo6ingenieria.com\/es\/#organization\"},\"potentialAction\":[{\"@type\":\"SearchAction\",\"target\":{\"@type\":\"EntryPoint\",\"urlTemplate\":\"https:\/\/eo6ingenieria.com\/es\/?s={search_term_string}\"},\"query-input\":\"required name=search_term_string\"}],\"inLanguage\":\"es\"},{\"@type\":\"WebPage\",\"@id\":\"https:\/\/eo6ingenieria.com\/cookies-policy\/#webpage\",\"url\":\"https:\/\/eo6ingenieria.com\/cookies-policy\/\",\"name\":\"COOKIES POLICY - Eo6 Ingenieria\",\"isPartOf\":{\"@id\":\"https:\/\/eo6ingenieria.com\/es\/#website\"},\"datePublished\":\"2020-04-07T14:10:37+00:00\",\"dateModified\":\"2025-03-12T15:52:32+00:00\",\"breadcrumb\":{\"@id\":\"https:\/\/eo6ingenieria.com\/cookies-policy\/#breadcrumb\"},\"inLanguage\":\"es\",\"potentialAction\":[{\"@type\":\"ReadAction\",\"target\":[\"https:\/\/eo6ingenieria.com\/cookies-policy\/\"]}]},{\"@type\":\"BreadcrumbList\",\"@id\":\"https:\/\/eo6ingenieria.com\/cookies-policy\/#breadcrumb\",\"itemListElement\":[{\"@type\":\"ListItem\",\"position\":1,\"name\":\"Portada\",\"item\":\"https:\/\/eo6ingenieria.com\/\"},{\"@type\":\"ListItem\",\"position\":2,\"name\":\"COOKIES POLICY\"}]}]}<\/script>\n<!-- \/ Yoast SEO plugin. -->","yoast_head_json":{"title":"COOKIES POLICY - Eo6 Ingenieria","robots":{"index":"index","follow":"follow","max-snippet":"max-snippet:-1","max-image-preview":"max-image-preview:large","max-video-preview":"max-video-preview:-1"},"canonical":"https:\/\/eo6ingenieria.com\/es\/cookies-policy\/","og_locale":"es_ES","og_type":"article","og_title":"COOKIES POLICY - Eo6 Ingenieria","og_url":"https:\/\/eo6ingenieria.com\/es\/cookies-policy\/","og_site_name":"Eo6 Ingenieria","article_modified_time":"2025-03-12T15:52:32+00:00","twitter_card":"summary_large_image","twitter_misc":{"Tiempo de lectura":"5 minutos"},"schema":{"@context":"https:\/\/schema.org","@graph":[{"@type":"Organization","@id":"https:\/\/eo6ingenieria.com\/es\/#organization","name":"EO6 Ingenieria","url":"https:\/\/eo6ingenieria.com\/es\/","sameAs":["https:\/\/es.linkedin.com\/company\/eo6-ingenieria-slp"],"logo":{"@type":"ImageObject","@id":"https:\/\/eo6ingenieria.com\/es\/#logo","inLanguage":"es","url":"https:\/\/eo6ingenieria.com\/wp-content\/uploads\/2020\/11\/logo-espacios-grande.png","contentUrl":"https:\/\/eo6ingenieria.com\/wp-content\/uploads\/2020\/11\/logo-espacios-grande.png","width":542,"height":242,"caption":"EO6 Ingenieria"},"image":{"@id":"https:\/\/eo6ingenieria.com\/es\/#logo"}},{"@type":"WebSite","@id":"https:\/\/eo6ingenieria.com\/es\/#website","url":"https:\/\/eo6ingenieria.com\/es\/","name":"eo6 Ingenieria","description":"Empresa de servicios avanzados de ingenieria","publisher":{"@id":"https:\/\/eo6ingenieria.com\/es\/#organization"},"potentialAction":[{"@type":"SearchAction","target":{"@type":"EntryPoint","urlTemplate":"https:\/\/eo6ingenieria.com\/es\/?s={search_term_string}"},"query-input":"required name=search_term_string"}],"inLanguage":"es"},{"@type":"WebPage","@id":"https:\/\/eo6ingenieria.com\/cookies-policy\/#webpage","url":"https:\/\/eo6ingenieria.com\/cookies-policy\/","name":"COOKIES POLICY - Eo6 Ingenieria","isPartOf":{"@id":"https:\/\/eo6ingenieria.com\/es\/#website"},"datePublished":"2020-04-07T14:10:37+00:00","dateModified":"2025-03-12T15:52:32+00:00","breadcrumb":{"@id":"https:\/\/eo6ingenieria.com\/cookies-policy\/#breadcrumb"},"inLanguage":"es","potentialAction":[{"@type":"ReadAction","target":["https:\/\/eo6ingenieria.com\/cookies-policy\/"]}]},{"@type":"BreadcrumbList","@id":"https:\/\/eo6ingenieria.com\/cookies-policy\/#breadcrumb","itemListElement":[{"@type":"ListItem","position":1,"name":"Portada","item":"https:\/\/eo6ingenieria.com\/"},{"@type":"ListItem","position":2,"name":"COOKIES POLICY"}]}]}},"_links":{"self":[{"href":"https:\/\/eo6ingenieria.com\/es\/wp-json\/wp\/v2\/pages\/12436"}],"collection":[{"href":"https:\/\/eo6ingenieria.com\/es\/wp-json\/wp\/v2\/pages"}],"about":[{"href":"https:\/\/eo6ingenieria.com\/es\/wp-json\/wp\/v2\/types\/page"}],"author":[{"embeddable":true,"href":"https:\/\/eo6ingenieria.com\/es\/wp-json\/wp\/v2\/users\/1"}],"replies":[{"embeddable":true,"href":"https:\/\/eo6ingenieria.com\/es\/wp-json\/wp\/v2\/comments?post=12436"}],"version-history":[{"count":17,"href":"https:\/\/eo6ingenieria.com\/es\/wp-json\/wp\/v2\/pages\/12436\/revisions"}],"predecessor-version":[{"id":14680,"href":"https:\/\/eo6ingenieria.com\/es\/wp-json\/wp\/v2\/pages\/12436\/revisions\/14680"}],"wp:attachment":[{"href":"https:\/\/eo6ingenieria.com\/es\/wp-json\/wp\/v2\/media?parent=12436"}],"curies":[{"name":"wp","href":"https:\/\/api.w.org\/{rel}","templated":true}]}}