{"id":12263,"date":"2020-04-02T13:19:27","date_gmt":"2020-04-02T13:19:27","guid":{"rendered":"https:\/\/eo6ingenieria.com\/?page_id=12263"},"modified":"2022-05-18T09:17:35","modified_gmt":"2022-05-18T09:17:35","slug":"aerogenerador-tripala-espacios-reducidos","status":"publish","type":"page","link":"https:\/\/eo6ingenieria.com\/es\/aerogenerador-tripala-espacios-reducidos\/","title":{"rendered":"Dispositivo aerogenerador tripala para espacios reducidos"},"content":{"rendered":"<div class=\"vc_row wpb_row vc_row-fluid vc_hidden-sm vc_hidden-xs no-padding-vc-row vc_custom_1652864812068 vc_row-has-fill vc_row-o-full-height vc_row-o-columns-middle vc_row-flex amz-container-fluid-no-spaces\"><div class=\"wpb_column vc_column_container vc_col-sm-6\"><div class=\"vc_column-inner vc_custom_1628057403699\"><div class=\"wpb_wrapper\"><div id=\"ultimate-heading-440669d2ead3bb1ed\" class=\"uvc-heading ult-adjust-bottom-margin ultimate-heading-440669d2ead3bb1ed uvc-7643 \" data-hspacer=\"line_only\"  data-halign=\"left\" style=\"text-align:left\"><div class=\"uvc-main-heading ult-responsive\"  data-ultimate-target='.uvc-heading.ultimate-heading-440669d2ead3bb1ed h1'  data-responsive-json-new='{\"font-size\":\"desktop:36px;mobile:20px;\",\"line-height\":\"\"}' ><h1 style=\"font-weight:normal;color:#555555;\">DISPOSITIVO AEROGENERADOR TRIPALA PARA ESPACIOS REDUCIDOS<\/h1><\/div><div class=\"uvc-heading-spacer line_only\" style=\"margin-bottom:30px;height:3px;\"><span class=\"uvc-headings-line\" style=\"border-style:solid;border-bottom-width:3px;border-color:#f7ac3e;width:70px;\"><\/span><\/div><\/div><\/div><\/div><\/div><div class=\"wpb_column vc_column_container vc_col-sm-6\"><div class=\"vc_column-inner \"><div class=\"wpb_wrapper\"><\/div><\/div><\/div><\/div><!-- Row Backgrounds --><div class=\"upb_bg_img\" data-ultimate-bg=\"url(https:\/\/eo6ingenieria.com\/wp-content\/uploads\/2021\/04\/molinos_Mesa-de-trabajo-1.png)\" data-image-id=\"13355\" data-ultimate-bg-style=\"vcpb-default\" data-bg-img-repeat=\"repeat\" data-bg-img-size=\"cover\" data-bg-img-position=\"\" data-parallx_sense=\"30\" data-bg-override=\"ex-full\" data-bg_img_attach=\"scroll\" data-upb-overlay-color=\"\" data-upb-bg-animation=\"\" data-fadeout=\"\" data-bg-animation=\"left-animation\" data-bg-animation-type=\"h\" data-animation-repeat=\"repeat\" data-fadeout-percentage=\"30\" data-parallax-content=\"\" data-parallax-content-sense=\"30\" data-row-effect-mobile-disable=\"true\" data-img-parallax-mobile-disable=\"true\" data-rtl=\"false\"  data-custom-vc-row=\"\"  data-vc=\"6.7.0\"  data-is_old_vc=\"\"  data-theme-support=\"\"   data-overlay=\"false\" data-overlay-color=\"\" data-overlay-pattern=\"\" data-overlay-pattern-opacity=\"\" data-overlay-pattern-size=\"\"    ><\/div><div class=\"vc_row wpb_row vc_row-fluid vc_hidden-lg vc_hidden-md no-padding-vc-row vc_custom_1652864826708 vc_row-has-fill vc_row-o-full-height vc_row-o-columns-top vc_row-flex amz-container-fluid-no-spaces\"><div class=\"wpb_column vc_column_container vc_col-sm-12\"><div class=\"vc_column-inner vc_custom_1652864893483\"><div class=\"wpb_wrapper\"><div id=\"ultimate-heading-308969d2ead3bca27\" class=\"uvc-heading ult-adjust-bottom-margin ultimate-heading-308969d2ead3bca27 uvc-8868 \" data-hspacer=\"line_only\"  data-halign=\"left\" style=\"text-align:left\"><div class=\"uvc-main-heading ult-responsive\"  data-ultimate-target='.uvc-heading.ultimate-heading-308969d2ead3bca27 h1'  data-responsive-json-new='{\"font-size\":\"desktop:36px;mobile:25px;\",\"line-height\":\"\"}' ><h1 style=\"font-weight:normal;color:#555555;\">DISPOSITIVO AEROGENERADOR TRIPALA PARA ESPACIOS REDUCIDOS<\/h1><\/div><div class=\"uvc-heading-spacer line_only\" style=\"margin-bottom:30px;height:3px;\"><span class=\"uvc-headings-line\" style=\"border-style:solid;border-bottom-width:3px;border-color:#f7ac3e;width:70px;\"><\/span><\/div><\/div><\/div><\/div><\/div><\/div><!-- Row Backgrounds --><div class=\"upb_bg_img\" data-ultimate-bg=\"url(https:\/\/eo6ingenieria.com\/wp-content\/uploads\/2021\/04\/molinos_Mesa-de-trabajo-1.png)\" data-image-id=\"13355\" data-ultimate-bg-style=\"vcpb-default\" data-bg-img-repeat=\"repeat\" data-bg-img-size=\"cover\" data-bg-img-position=\"\" data-parallx_sense=\"30\" data-bg-override=\"ex-full\" data-bg_img_attach=\"scroll\" data-upb-overlay-color=\"\" data-upb-bg-animation=\"\" data-fadeout=\"\" data-bg-animation=\"left-animation\" data-bg-animation-type=\"h\" data-animation-repeat=\"repeat\" data-fadeout-percentage=\"30\" data-parallax-content=\"\" data-parallax-content-sense=\"30\" data-row-effect-mobile-disable=\"true\" data-img-parallax-mobile-disable=\"true\" data-rtl=\"false\"  data-custom-vc-row=\"\"  data-vc=\"6.7.0\"  data-is_old_vc=\"\"  data-theme-support=\"\"   data-overlay=\"false\" data-overlay-color=\"\" data-overlay-pattern=\"\" data-overlay-pattern-opacity=\"\" data-overlay-pattern-size=\"\"    ><\/div><div class=\"vc_row wpb_row vc_row-fluid vc_hidden-sm vc_hidden-xs no-padding-vc-row vc_row-o-equal-height vc_row-flex container\"><div class=\"wpb_column vc_column_container vc_col-sm-3\"><div class=\"vc_column-inner vc_custom_1617892359796\"><div class=\"wpb_wrapper\">\n\t<div  class=\"wpb_single_image wpb_content_element vc_align_left\">\n\t\t\n\t\t<figure class=\"wpb_wrapper vc_figure\">\n\t\t\t<div class=\"vc_single_image-wrapper   vc_box_border_grey\"><img width=\"702\" height=\"438\" src=\"https:\/\/eo6ingenieria.com\/wp-content\/uploads\/2020\/04\/eolyncil.jpg\" class=\"vc_single_image-img attachment-full\" alt=\"\" loading=\"lazy\" srcset=\"https:\/\/eo6ingenieria.com\/wp-content\/uploads\/2020\/04\/eolyncil.jpg 702w, https:\/\/eo6ingenieria.com\/wp-content\/uploads\/2020\/04\/eolyncil-300x187.jpg 300w\" sizes=\"(max-width: 702px) 100vw, 702px\" \/><\/div>\n\t\t<\/figure>\n\t<\/div>\n<\/div><\/div><\/div><div class=\"wpb_column vc_column_container vc_col-sm-9\"><div class=\"vc_column-inner vc_custom_1617892401779\"><div class=\"wpb_wrapper\"><div id=\"ultimate-heading-257669d2ead3be4ef\" class=\"uvc-heading ult-adjust-bottom-margin ultimate-heading-257669d2ead3be4ef uvc-3289 \" data-hspacer=\"line_only\"  data-halign=\"left\" style=\"text-align:left\"><div class=\"uvc-main-heading ult-responsive\"  data-ultimate-target='.uvc-heading.ultimate-heading-257669d2ead3be4ef h2'  data-responsive-json-new='{\"font-size\":\"desktop:36px;\",\"line-height\":\"\"}' ><h2 style=\"font-weight:normal;color:#555555;\">CLIENTE<\/h2><\/div><div class=\"uvc-heading-spacer line_only\" style=\"margin-bottom:30px;height:3px;\"><span class=\"uvc-headings-line\" style=\"border-style:solid;border-bottom-width:3px;border-color:#f7ac3e;width:70px;\"><\/span><\/div><div class=\"uvc-sub-heading ult-responsive\"  data-ultimate-target='.uvc-heading.ultimate-heading-257669d2ead3be4ef .uvc-sub-heading '  data-responsive-json-new='{\"font-size\":\"desktop:16px;\",\"line-height\":\"desktop:20px;\"}'  style=\"font-weight:normal;\"><\/p>\n<p style=\"text-align: justify;\">Eolincyl es una compa\u00f1\u00eda formada por un equipo con una s\u00f3lida experiencia profesional en el campo de la energ\u00eda e\u00f3lica, con el objetivo de satisfacer las necesidades de la industria y la sociedad, que est\u00e1n exigiendo nuevas formas de aprovechar la fuerza del viento, por encima de la potencia proporcionada por los parques e\u00f3licos a gran escala.<\/p>\n<p><\/div><\/div><\/div><\/div><\/div><\/div><div class=\"vc_row wpb_row vc_row-fluid vc_hidden-lg vc_hidden-md no-padding-vc-row vc_row-o-equal-height vc_row-flex container\"><div class=\"wpb_column vc_column_container vc_col-sm-12\"><div class=\"vc_column-inner vc_custom_1652864981914\"><div class=\"wpb_wrapper\">\n\t<div  class=\"wpb_single_image wpb_content_element vc_align_left  vc_custom_1652865050427\">\n\t\t\n\t\t<figure class=\"wpb_wrapper vc_figure\">\n\t\t\t<div class=\"vc_single_image-wrapper   vc_box_border_grey\"><img width=\"702\" height=\"438\" src=\"https:\/\/eo6ingenieria.com\/wp-content\/uploads\/2020\/04\/eolyncil.jpg\" class=\"vc_single_image-img attachment-full\" alt=\"\" loading=\"lazy\" srcset=\"https:\/\/eo6ingenieria.com\/wp-content\/uploads\/2020\/04\/eolyncil.jpg 702w, https:\/\/eo6ingenieria.com\/wp-content\/uploads\/2020\/04\/eolyncil-300x187.jpg 300w\" sizes=\"(max-width: 702px) 100vw, 702px\" \/><\/div>\n\t\t<\/figure>\n\t<\/div>\n<div id=\"ultimate-heading-472869d2ead3bf323\" class=\"uvc-heading ult-adjust-bottom-margin ultimate-heading-472869d2ead3bf323 uvc-2943 \" data-hspacer=\"line_only\"  data-halign=\"left\" style=\"text-align:left\"><div class=\"uvc-main-heading ult-responsive\"  data-ultimate-target='.uvc-heading.ultimate-heading-472869d2ead3bf323 h2'  data-responsive-json-new='{\"font-size\":\"desktop:36px;\",\"line-height\":\"\"}' ><h2 style=\"font-weight:normal;color:#555555;\">CLIENTE<\/h2><\/div><div class=\"uvc-heading-spacer line_only\" style=\"margin-bottom:30px;height:3px;\"><span class=\"uvc-headings-line\" style=\"border-style:solid;border-bottom-width:3px;border-color:#f7ac3e;width:70px;\"><\/span><\/div><div class=\"uvc-sub-heading ult-responsive\"  data-ultimate-target='.uvc-heading.ultimate-heading-472869d2ead3bf323 .uvc-sub-heading '  data-responsive-json-new='{\"font-size\":\"desktop:16px;\",\"line-height\":\"desktop:20px;\"}'  style=\"font-weight:normal;\"><\/p>\n<p style=\"text-align: justify;\">Eolincyl es una compa\u00f1\u00eda formada por un equipo con una s\u00f3lida experiencia profesional en el campo de la energ\u00eda e\u00f3lica, con el objetivo de satisfacer las necesidades de la industria y la sociedad, que est\u00e1n exigiendo nuevas formas de aprovechar la fuerza del viento, por encima de la potencia proporcionada por los parques e\u00f3licos a gran escala.<\/p>\n<p><\/div><\/div><\/div><\/div><\/div><\/div><div class=\"vc_row wpb_row vc_row-fluid no-padding-vc-row vc_custom_1617891782754 vc_row-has-fill vc_row-o-equal-height vc_row-flex amz-remove-margin\"><div class=\"container\"><div class=\"vc_row vc_row-fluid vc_row-has-fill vc_row-o-equal-height vc_row-flex\"><div class=\"wpb_column vc_column_container vc_col-sm-12 vc_col-has-fill\"><div class=\"vc_column-inner vc_custom_1617891915571\"><div class=\"wpb_wrapper\">\n\t<div  class=\"wpb_single_image wpb_content_element vc_align_center\">\n\t\t<h2 class=\"wpb_heading wpb_singleimage_heading\">PATENT PDF<\/h2>\n\t\t<figure class=\"wpb_wrapper vc_figure\">\n\t\t\t<a href=\"https:\/\/eo6ingenieria.com\/wp-content\/uploads\/2020\/04\/Patente_10097482.pdf\" target=\"_blank\" class=\"vc_single_image-wrapper   vc_box_border_grey\"><img width=\"150\" height=\"150\" src=\"https:\/\/eo6ingenieria.com\/wp-content\/uploads\/2021\/04\/iconos-descarga2-v0-150x150.png\" class=\"vc_single_image-img attachment-thumbnail\" alt=\"\" loading=\"lazy\" srcset=\"https:\/\/eo6ingenieria.com\/wp-content\/uploads\/2021\/04\/iconos-descarga2-v0-150x150.png 150w, https:\/\/eo6ingenieria.com\/wp-content\/uploads\/2021\/04\/iconos-descarga2-v0-13x12.png 13w\" sizes=\"(max-width: 150px) 100vw, 150px\" \/><\/a>\n\t\t<\/figure>\n\t<\/div>\n<\/div><\/div><\/div><\/div><\/div><\/div><!-- Row Backgrounds --><div class=\"upb_color\" data-bg-override=\"ex-full\" data-bg-color=\"#e9e9e9\" data-fadeout=\"\" data-fadeout-percentage=\"30\" data-parallax-content=\"\" data-parallax-content-sense=\"30\" data-row-effect-mobile-disable=\"true\" data-img-parallax-mobile-disable=\"true\" data-rtl=\"false\"  data-custom-vc-row=\"\"  data-vc=\"6.7.0\"  data-is_old_vc=\"\"  data-theme-support=\"\"   data-overlay=\"false\" data-overlay-color=\"\" data-overlay-pattern=\"\" data-overlay-pattern-opacity=\"\" data-overlay-pattern-size=\"\"    ><\/div>\n","protected":false},"excerpt":{"rendered":"DISPOSITIVO AEROGENERADOR TRIPALA PARA ESPACIOS REDUCIDOSDISPOSITIVO AEROGENERADOR TRIPALA PARA ESPACIOS REDUCIDOS CLIENTE Eolincyl es una compa\u00f1\u00eda formada por un equipo con una s\u00f3lida experiencia profesional en el campo de la energ\u00eda e\u00f3lica, con el objetivo de satisfacer las necesidades de...","protected":false},"author":1,"featured_media":0,"parent":0,"menu_order":0,"comment_status":"closed","ping_status":"closed","template":"","meta":{"_monsterinsights_skip_tracking":false,"_monsterinsights_sitenote_active":false,"_monsterinsights_sitenote_note":"","_monsterinsights_sitenote_category":0},"yoast_head":"<!-- This site is optimized with the Yoast SEO plugin v17.6 - https:\/\/yoast.com\/wordpress\/plugins\/seo\/ -->\n<title>Dispositivo aerogenerador tripala para espacios reducidos - Eo6 Ingenieria<\/title>\n<meta name=\"description\" content=\"Patente del dispositivo aerogenerador tripala para espacios reducidos, elaborada por Eo6 Ingenieria avanzada.\" \/>\n<meta name=\"robots\" content=\"index, follow, max-snippet:-1, max-image-preview:large, max-video-preview:-1\" \/>\n<link rel=\"canonical\" href=\"https:\/\/eo6ingenieria.com\/es\/aerogenerador-tripala-espacios-reducidos\/\" \/>\n<meta property=\"og:locale\" content=\"es_ES\" \/>\n<meta property=\"og:type\" content=\"article\" \/>\n<meta property=\"og:title\" content=\"Dispositivo aerogenerador tripala para espacios reducidos - Eo6 Ingenieria\" \/>\n<meta property=\"og:description\" content=\"Patente del dispositivo aerogenerador tripala para espacios reducidos, elaborada por Eo6 Ingenieria avanzada.\" \/>\n<meta property=\"og:url\" content=\"https:\/\/eo6ingenieria.com\/es\/aerogenerador-tripala-espacios-reducidos\/\" \/>\n<meta property=\"og:site_name\" content=\"Eo6 Ingenieria\" \/>\n<meta property=\"article:modified_time\" content=\"2022-05-18T09:17:35+00:00\" \/>\n<meta name=\"twitter:card\" content=\"summary_large_image\" \/>\n<meta name=\"twitter:label1\" content=\"Tiempo de lectura\" \/>\n\t<meta name=\"twitter:data1\" content=\"2 minutos\" \/>\n<script type=\"application\/ld+json\" class=\"yoast-schema-graph\">{\"@context\":\"https:\/\/schema.org\",\"@graph\":[{\"@type\":\"Organization\",\"@id\":\"https:\/\/eo6ingenieria.com\/es\/#organization\",\"name\":\"EO6 Ingenieria\",\"url\":\"https:\/\/eo6ingenieria.com\/es\/\",\"sameAs\":[\"https:\/\/es.linkedin.com\/company\/eo6-ingenieria-slp\"],\"logo\":{\"@type\":\"ImageObject\",\"@id\":\"https:\/\/eo6ingenieria.com\/es\/#logo\",\"inLanguage\":\"es\",\"url\":\"https:\/\/eo6ingenieria.com\/wp-content\/uploads\/2020\/11\/logo-espacios-grande.png\",\"contentUrl\":\"https:\/\/eo6ingenieria.com\/wp-content\/uploads\/2020\/11\/logo-espacios-grande.png\",\"width\":542,\"height\":242,\"caption\":\"EO6 Ingenieria\"},\"image\":{\"@id\":\"https:\/\/eo6ingenieria.com\/es\/#logo\"}},{\"@type\":\"WebSite\",\"@id\":\"https:\/\/eo6ingenieria.com\/es\/#website\",\"url\":\"https:\/\/eo6ingenieria.com\/es\/\",\"name\":\"eo6 Ingenieria\",\"description\":\"Empresa de servicios avanzados de ingenieria\",\"publisher\":{\"@id\":\"https:\/\/eo6ingenieria.com\/es\/#organization\"},\"potentialAction\":[{\"@type\":\"SearchAction\",\"target\":{\"@type\":\"EntryPoint\",\"urlTemplate\":\"https:\/\/eo6ingenieria.com\/es\/?s={search_term_string}\"},\"query-input\":\"required name=search_term_string\"}],\"inLanguage\":\"es\"},{\"@type\":\"WebPage\",\"@id\":\"https:\/\/eo6ingenieria.com\/aerogenerador-tripala-espacios-reducidos\/#webpage\",\"url\":\"https:\/\/eo6ingenieria.com\/aerogenerador-tripala-espacios-reducidos\/\",\"name\":\"Dispositivo aerogenerador tripala para espacios reducidos - Eo6 Ingenieria\",\"isPartOf\":{\"@id\":\"https:\/\/eo6ingenieria.com\/es\/#website\"},\"datePublished\":\"2020-04-02T13:19:27+00:00\",\"dateModified\":\"2022-05-18T09:17:35+00:00\",\"description\":\"Patente del dispositivo aerogenerador tripala para espacios reducidos, elaborada por Eo6 Ingenieria avanzada.\",\"breadcrumb\":{\"@id\":\"https:\/\/eo6ingenieria.com\/aerogenerador-tripala-espacios-reducidos\/#breadcrumb\"},\"inLanguage\":\"es\",\"potentialAction\":[{\"@type\":\"ReadAction\",\"target\":[\"https:\/\/eo6ingenieria.com\/aerogenerador-tripala-espacios-reducidos\/\"]}]},{\"@type\":\"BreadcrumbList\",\"@id\":\"https:\/\/eo6ingenieria.com\/aerogenerador-tripala-espacios-reducidos\/#breadcrumb\",\"itemListElement\":[{\"@type\":\"ListItem\",\"position\":1,\"name\":\"Portada\",\"item\":\"https:\/\/eo6ingenieria.com\/\"},{\"@type\":\"ListItem\",\"position\":2,\"name\":\"Dispositivo aerogenerador tripala para espacios reducidos\"}]}]}<\/script>\n<!-- \/ Yoast SEO plugin. -->","yoast_head_json":{"title":"Dispositivo aerogenerador tripala para espacios reducidos - Eo6 Ingenieria","description":"Patente del dispositivo aerogenerador tripala para espacios reducidos, elaborada por Eo6 Ingenieria avanzada.","robots":{"index":"index","follow":"follow","max-snippet":"max-snippet:-1","max-image-preview":"max-image-preview:large","max-video-preview":"max-video-preview:-1"},"canonical":"https:\/\/eo6ingenieria.com\/es\/aerogenerador-tripala-espacios-reducidos\/","og_locale":"es_ES","og_type":"article","og_title":"Dispositivo aerogenerador tripala para espacios reducidos - Eo6 Ingenieria","og_description":"Patente del dispositivo aerogenerador tripala para espacios reducidos, elaborada por Eo6 Ingenieria avanzada.","og_url":"https:\/\/eo6ingenieria.com\/es\/aerogenerador-tripala-espacios-reducidos\/","og_site_name":"Eo6 Ingenieria","article_modified_time":"2022-05-18T09:17:35+00:00","twitter_card":"summary_large_image","twitter_misc":{"Tiempo de lectura":"2 minutos"},"schema":{"@context":"https:\/\/schema.org","@graph":[{"@type":"Organization","@id":"https:\/\/eo6ingenieria.com\/es\/#organization","name":"EO6 Ingenieria","url":"https:\/\/eo6ingenieria.com\/es\/","sameAs":["https:\/\/es.linkedin.com\/company\/eo6-ingenieria-slp"],"logo":{"@type":"ImageObject","@id":"https:\/\/eo6ingenieria.com\/es\/#logo","inLanguage":"es","url":"https:\/\/eo6ingenieria.com\/wp-content\/uploads\/2020\/11\/logo-espacios-grande.png","contentUrl":"https:\/\/eo6ingenieria.com\/wp-content\/uploads\/2020\/11\/logo-espacios-grande.png","width":542,"height":242,"caption":"EO6 Ingenieria"},"image":{"@id":"https:\/\/eo6ingenieria.com\/es\/#logo"}},{"@type":"WebSite","@id":"https:\/\/eo6ingenieria.com\/es\/#website","url":"https:\/\/eo6ingenieria.com\/es\/","name":"eo6 Ingenieria","description":"Empresa de servicios avanzados de ingenieria","publisher":{"@id":"https:\/\/eo6ingenieria.com\/es\/#organization"},"potentialAction":[{"@type":"SearchAction","target":{"@type":"EntryPoint","urlTemplate":"https:\/\/eo6ingenieria.com\/es\/?s={search_term_string}"},"query-input":"required name=search_term_string"}],"inLanguage":"es"},{"@type":"WebPage","@id":"https:\/\/eo6ingenieria.com\/aerogenerador-tripala-espacios-reducidos\/#webpage","url":"https:\/\/eo6ingenieria.com\/aerogenerador-tripala-espacios-reducidos\/","name":"Dispositivo aerogenerador tripala para espacios reducidos - Eo6 Ingenieria","isPartOf":{"@id":"https:\/\/eo6ingenieria.com\/es\/#website"},"datePublished":"2020-04-02T13:19:27+00:00","dateModified":"2022-05-18T09:17:35+00:00","description":"Patente del dispositivo aerogenerador tripala para espacios reducidos, elaborada por Eo6 Ingenieria avanzada.","breadcrumb":{"@id":"https:\/\/eo6ingenieria.com\/aerogenerador-tripala-espacios-reducidos\/#breadcrumb"},"inLanguage":"es","potentialAction":[{"@type":"ReadAction","target":["https:\/\/eo6ingenieria.com\/aerogenerador-tripala-espacios-reducidos\/"]}]},{"@type":"BreadcrumbList","@id":"https:\/\/eo6ingenieria.com\/aerogenerador-tripala-espacios-reducidos\/#breadcrumb","itemListElement":[{"@type":"ListItem","position":1,"name":"Portada","item":"https:\/\/eo6ingenieria.com\/"},{"@type":"ListItem","position":2,"name":"Dispositivo aerogenerador tripala para espacios reducidos"}]}]}},"_links":{"self":[{"href":"https:\/\/eo6ingenieria.com\/es\/wp-json\/wp\/v2\/pages\/12263"}],"collection":[{"href":"https:\/\/eo6ingenieria.com\/es\/wp-json\/wp\/v2\/pages"}],"about":[{"href":"https:\/\/eo6ingenieria.com\/es\/wp-json\/wp\/v2\/types\/page"}],"author":[{"embeddable":true,"href":"https:\/\/eo6ingenieria.com\/es\/wp-json\/wp\/v2\/users\/1"}],"replies":[{"embeddable":true,"href":"https:\/\/eo6ingenieria.com\/es\/wp-json\/wp\/v2\/comments?post=12263"}],"version-history":[{"count":48,"href":"https:\/\/eo6ingenieria.com\/es\/wp-json\/wp\/v2\/pages\/12263\/revisions"}],"predecessor-version":[{"id":14248,"href":"https:\/\/eo6ingenieria.com\/es\/wp-json\/wp\/v2\/pages\/12263\/revisions\/14248"}],"wp:attachment":[{"href":"https:\/\/eo6ingenieria.com\/es\/wp-json\/wp\/v2\/media?parent=12263"}],"curies":[{"name":"wp","href":"https:\/\/api.w.org\/{rel}","templated":true}]}}