{"id":12448,"date":"2020-04-16T11:21:57","date_gmt":"2020-04-16T11:21:57","guid":{"rendered":"https:\/\/eo6ingenieria.com\/?page_id=12448"},"modified":"2025-03-12T16:05:30","modified_gmt":"2025-03-12T16:05:30","slug":"aviso-legal-eo6-ingenieria-avanzada","status":"publish","type":"page","link":"https:\/\/eo6ingenieria.com\/en\/legal-notice-eo6-advanced-engineering\/","title":{"rendered":"Legal Notice"},"content":{"rendered":"<div id=\"aviso-legal\" class=\"vc_row wpb_row vc_row-fluid container\"><div class=\"wpb_column vc_column_container vc_col-sm-12\"><div class=\"vc_column-inner vc_custom_1628246087064\"><div class=\"wpb_wrapper\"><div id=\"ultimate-heading-919469d2e748dadb6\" class=\"uvc-heading ult-adjust-bottom-margin ultimate-heading-919469d2e748dadb6 uvc-6113\" data-hspacer=\"no_spacer\"  data-halign=\"left\" style=\"text-align:left\"><div class=\"uvc-heading-spacer no_spacer\" style=\"top\"><\/div><div class=\"uvc-sub-heading ult-responsive\"  data-ultimate-target='.uvc-heading.ultimate-heading-919469d2e748dadb6 .uvc-sub-heading '  data-responsive-json-new='{\"font-size\":\"\",\"line-height\":\"\"}'  style=\"font-weight:normal;\"><\/p>\n<h1>AVISO LEGAL \/<span style=\"text-decoration: underline; color: #f7ac3e;\"><a style=\"color: #f7ac3e; text-decoration: underline;\" href=\"#terms-conditions\"> TERMS AND CONDITIONS<\/a><\/span><\/h1>\n<p><\/div><\/div><div id=\"ultimate-heading-314369d2e748dadfe\" class=\"uvc-heading ult-adjust-bottom-margin ultimate-heading-314369d2e748dadfe uvc-6477\" data-hspacer=\"no_spacer\"  data-halign=\"left\" style=\"text-align:left\"><div class=\"uvc-heading-spacer no_spacer\" style=\"top\"><\/div><div class=\"uvc-sub-heading ult-responsive\"  data-ultimate-target='.uvc-heading.ultimate-heading-314369d2e748dadfe .uvc-sub-heading '  data-responsive-json-new='{\"font-size\":\"\",\"line-height\":\"\"}'  style=\"font-weight:normal;\"><\/p>\n<p style=\"text-align: justify;\">El presente Aviso Legal regula el uso de la p\u00e1gina web <a href=\"https:\/\/eo6ingenieria.com\/en\/\">http:\/\/www.eo6ingenieria.com<\/a> en adelante, la web, con los siguientes aspectos t\u00e9cnicos y legales:<\/p>\n<h3><strong>DATOS DEL RESPONSABLE<\/strong><\/h3>\n<p style=\"text-align: justify;\">En cumplimiento del art\u00edculo 10 de la Ley 34\/2002, de 11 de julio, de Servicios de la Sociedad de la Informaci\u00f3n y Comercio Electr\u00f3nico, a continuaci\u00f3n se exponen los datos identificativos del responsable.<\/p>\n<ul>\n<li>Denominaci\u00f3n social: <strong>EO6 INGENIERIA SLP<\/strong><\/li>\n<li>C.I.F.\/N.I.F.: <strong>B31705635<\/strong><\/li>\n<li>Domicilio Social: <strong>Plaza Madres de Mayo 44,4\u00ba Of. 2<\/strong><em>, <\/em><strong>31013<\/strong> <strong>Artica ( Navarra)<\/strong><\/li>\n<li>Inscrita en el Registro mercantil de Navarra, Hoja NA 16256, Folio 793, Tomo 58, Secci\u00f3n 8\u00aa.<\/li>\n<li>Tel\u00e9fono: <strong>948120095<\/strong><\/li>\n<li>Correo electr\u00f3nico: <strong>info@eo6ingenieria.com<\/strong><\/li>\n<\/ul>\n<h3><\/h3>\n<h3><strong> PROPIEDAD INTELECTUAL<\/strong><\/h3>\n<p style=\"text-align: justify;\">El c\u00f3digo fuente, los dise\u00f1os gr\u00e1ficos, las im\u00e1genes, las fotograf\u00edas, los sonidos, las animaciones, el software, los textos, as\u00ed como la informaci\u00f3n y los contenidos que se recogen en el presente sitio web est\u00e1n protegidos por la legislaci\u00f3n espa\u00f1ola sobre los derechos de propiedad intelectual e industrial a favor de EO6 INGENIERIA SLP y no se permite la reproducci\u00f3n y\/o publicaci\u00f3n, total o parcial, del sitio web, ni su tratamiento inform\u00e1tico, su distribuci\u00f3n, su difusi\u00f3n, ni su modificaci\u00f3n, transformaci\u00f3n o descompilaci\u00f3n, ni dem\u00e1s derechos reconocidos legalmente a su titular, sin el permiso previo y por escrito del mismo EO6 INGENIERIA SLP.<\/p>\n<p style=\"text-align: justify;\">El usuario, \u00fanica y exclusivamente, puede utilizar el material que aparezca en este sitio web para su uso personal y privado, quedando prohibido su uso con fines comerciales o para incurrir en actividades il\u00edcitas. Todos los derechos derivados de la propiedad intelectual est\u00e1n expresamente reservados por EO6 INGENIERIA SLP.<\/p>\n<p style=\"text-align: justify;\">EO6 INGENIERIA SLP velar\u00e1 por el cumplimiento de las anteriores condiciones como por la debida utilizaci\u00f3n de los contenidos presentados en sus p\u00e1ginas web, ejercit\u00e1ndose todas las acciones civiles y penales que le correspondan en el caso de infracci\u00f3n o incumplimiento de estos derechos por parte del usuario.<\/p>\n<h3><strong>PROTECCI\u00d3N DE DATOS DE CAR\u00c1CTER PERSONAL<\/strong><\/h3>\n<p style=\"text-align: justify;\">Encontrar\u00e1 informaci\u00f3n detallada sobre el tratamiento de sus datos en el apartado \u201cDeclaraci\u00f3n de Privacidad Extensa\u201d en esta misma web.<\/p>\n<h4><strong>Varios<\/strong><\/h4>\n<p style=\"text-align: justify;\"><strong>A.<\/strong>&#8211; EO6 INGENIERIA SLP podr\u00e1 modificar, sin previo aviso, la informaci\u00f3n contenida en su sitio web, as\u00ed como su configuraci\u00f3n y presentaci\u00f3n.<\/p>\n<p style=\"text-align: justify;\"><strong>B.<\/strong>&#8211; EO6 INGENIERIA SLP se compromete a trav\u00e9s de este medio a NO REALIZAR PUBLICIDAD ENGA\u00d1OSA. A estos efectos, por lo tanto, no ser\u00e1n considerados como publicidad enga\u00f1osa los errores formales o num\u00e9ricos que puedan encontrarse a lo largo del contenido de las distintas secciones de la web de EO6 INGENIERIA SLP producidos como consecuencia de un mantenimiento y\/o actualizaci\u00f3n incompleta o defectuosa de la informaci\u00f3n contenida en estas secciones. EO6 INGENIERIA SLP como consecuencia de lo dispuesto en este apartado, se compromete a corregirlo tan pronto como tenga conocimiento de dichos errores.<\/p>\n<p style=\"text-align: justify;\"><strong>C<\/strong>.- EO6 INGENIERIA SLP se compromete a NO REMITIR COMUNICACIONES COMERCIALES SIN IDENTIFICARLAS COMO TALES, conforme a lo dispuesto en la Ley 34\/2002 de Servicios de la Sociedad de la Informaci\u00f3n y de comercio electr\u00f3nico. A estos efectos no ser\u00e1 considerado como comunicaci\u00f3n comercial toda la informaci\u00f3n que se env\u00ede a las personas interesadas siempre que tenga por finalidad el mantenimiento de la relaci\u00f3n existente, as\u00ed como el desempe\u00f1o de las tareas de informaci\u00f3n y otras actividades propias de la entidad.<\/p>\n<p style=\"text-align: justify;\"><strong>D.<\/strong>&#8211; EO6 INGENIERIA SLP no se hace responsable del incumplimiento de cualquier norma aplicable en que pueda incurrir el usuario en su acceso este sitio web y\/o en el uso de las informaciones contenidas en el mismo.<\/p>\n<p style=\"text-align: justify;\"><strong>E.<\/strong>&#8211; EO6 INGENIERIA SLP no ser\u00e1 responsable de los da\u00f1os y perjuicios producidos o que puedan producirse, cualquiera que sea su naturaleza, que se deriven del uso de la informaci\u00f3n, de las materias contenidas en este web site y de los programas que incorpora. Los enlaces (links) e hipertexto que posibiliten, a trav\u00e9s del sitio web, acceder al usuario a prestaciones y servicios ofrecidos por terceros, no pertenecen ni se encuentran bajo el control de EO6 INGENIERIA SLP; dicha entidad no se hace responsable ni de la informaci\u00f3n contenida en los mismos, ni de cualesquiera efectos que pudieran derivarse de dicha informaci\u00f3n.<\/p>\n<p style=\"text-align: justify;\"><strong>F.<\/strong>&#8211; EO6 INGENIERIA SLP no se hace responsable del uso ileg\u00edtimo que terceras personas puedan hacer de los nombres de marca, nombres de producto, marcas comerciales que, no siendo propiedad de dicha entidad, aparezcan en el presente sitio web. Tampoco se responsabiliza de la integridad, veracidad y licitud del contenido de los enlaces a las webs a las que pueda accederse desde el presente sitio web.<\/p>\n<p style=\"text-align: justify;\"><strong>G.<\/strong>&#8211; En definitiva, el Usuario es el \u00fanico responsable del uso que realice de los servicios, contenidos, enlaces (links) e hipertexto incluidos en el sitio web el presente sitio web.<\/p>\n<p><strong>\u00daltima actualizaci\u00f3n: 18\/02\/2025<\/strong><\/div><\/div><\/div><\/div><\/div><\/div><div id=\"terms-conditions\" class=\"vc_row wpb_row vc_row-fluid vc_hidden-lg vc_hidden-md vc_hidden-sm vc_hidden-xs container\"><div class=\"wpb_column vc_column_container vc_col-sm-12\"><div class=\"vc_column-inner vc_custom_1628246087064\"><div class=\"wpb_wrapper\"><div id=\"ultimate-heading-262369d2e748db872\" class=\"uvc-heading ult-adjust-bottom-margin ultimate-heading-262369d2e748db872 uvc-7788\" data-hspacer=\"no_spacer\"  data-halign=\"left\" style=\"text-align:left\"><div class=\"uvc-heading-spacer no_spacer\" style=\"top\"><\/div><div class=\"uvc-sub-heading ult-responsive\"  data-ultimate-target='.uvc-heading.ultimate-heading-262369d2e748db872 .uvc-sub-heading '  data-responsive-json-new='{\"font-size\":\"\",\"line-height\":\"\"}'  style=\"font-weight:normal;\"><\/p>\n<h1>TERMS AND CONDITIONS \/ <span style=\"color: #f7ac3e;\"><a style=\"color: #f7ac3e;\" href=\"#aviso-legal\"><span style=\"text-decoration: underline;\">AVISO LEGAL<\/span><\/a> <\/span><\/h1>\n<p><\/div><\/div><\/div><\/div><\/div><\/div>","protected":false},"excerpt":{"rendered":"AVISO LEGAL \/ TERMS AND CONDITIONS El presente Aviso Legal regula el uso de la p\u00e1gina web http:\/\/www.eo6ingenieria.com en adelante, la web, con los siguientes aspectos t\u00e9cnicos y legales: DATOS DEL RESPONSABLE En cumplimiento del art\u00edculo 10 de la Ley...","protected":false},"author":1,"featured_media":0,"parent":0,"menu_order":0,"comment_status":"closed","ping_status":"closed","template":"","meta":{"_monsterinsights_skip_tracking":false,"_monsterinsights_sitenote_active":false,"_monsterinsights_sitenote_note":"","_monsterinsights_sitenote_category":0},"yoast_head":"<!-- This site is optimized with the Yoast SEO plugin v17.6 - https:\/\/yoast.com\/wordpress\/plugins\/seo\/ -->\n<title>Aviso legal - Eo6 Ingenieria<\/title>\n<meta name=\"description\" content=\"Los derechos de propiedad intelectual del contenido de las p\u00e1ginas web, su dise\u00f1o gr\u00e1fico y c\u00f3digos son titularidad de Eo6 Ingenier\u00eda S.L.P. y por tanto, queda prohibida su reproducci\u00f3n, distribuci\u00f3n, comunicaci\u00f3n p\u00fablica, transformaci\u00f3n o cualquier otra actividad que se pueda realizar con los contenidos de sus p\u00e1ginas web ni a\u00fan citando las fuentes.\" \/>\n<meta name=\"robots\" content=\"index, follow, max-snippet:-1, max-image-preview:large, max-video-preview:-1\" \/>\n<link rel=\"canonical\" href=\"https:\/\/eo6ingenieria.com\/en\/legal-notice-eo6-advanced-engineering\/\" \/>\n<meta property=\"og:locale\" content=\"en_GB\" \/>\n<meta property=\"og:type\" content=\"article\" \/>\n<meta property=\"og:title\" content=\"Aviso legal - Eo6 Ingenieria\" \/>\n<meta property=\"og:description\" content=\"Los derechos de propiedad intelectual del contenido de las p\u00e1ginas web, su dise\u00f1o gr\u00e1fico y c\u00f3digos son titularidad de Eo6 Ingenier\u00eda S.L.P. y por tanto, queda prohibida su reproducci\u00f3n, distribuci\u00f3n, comunicaci\u00f3n p\u00fablica, transformaci\u00f3n o cualquier otra actividad que se pueda realizar con los contenidos de sus p\u00e1ginas web ni a\u00fan citando las fuentes.\" \/>\n<meta property=\"og:url\" content=\"https:\/\/eo6ingenieria.com\/en\/legal-notice-eo6-advanced-engineering\/\" \/>\n<meta property=\"og:site_name\" content=\"Eo6 Ingenieria\" \/>\n<meta property=\"article:modified_time\" content=\"2025-03-12T16:05:30+00:00\" \/>\n<meta name=\"twitter:card\" content=\"summary_large_image\" \/>\n<meta name=\"twitter:label1\" content=\"Estimated reading time\" \/>\n\t<meta name=\"twitter:data1\" content=\"4 minutes\" \/>\n<script type=\"application\/ld+json\" class=\"yoast-schema-graph\">{\"@context\":\"https:\/\/schema.org\",\"@graph\":[{\"@type\":\"Organization\",\"@id\":\"https:\/\/eo6ingenieria.com\/es\/#organization\",\"name\":\"EO6 Ingenieria\",\"url\":\"https:\/\/eo6ingenieria.com\/es\/\",\"sameAs\":[\"https:\/\/es.linkedin.com\/company\/eo6-ingenieria-slp\"],\"logo\":{\"@type\":\"ImageObject\",\"@id\":\"https:\/\/eo6ingenieria.com\/es\/#logo\",\"inLanguage\":\"en-GB\",\"url\":\"https:\/\/eo6ingenieria.com\/wp-content\/uploads\/2020\/11\/logo-espacios-grande.png\",\"contentUrl\":\"https:\/\/eo6ingenieria.com\/wp-content\/uploads\/2020\/11\/logo-espacios-grande.png\",\"width\":542,\"height\":242,\"caption\":\"EO6 Ingenieria\"},\"image\":{\"@id\":\"https:\/\/eo6ingenieria.com\/es\/#logo\"}},{\"@type\":\"WebSite\",\"@id\":\"https:\/\/eo6ingenieria.com\/es\/#website\",\"url\":\"https:\/\/eo6ingenieria.com\/es\/\",\"name\":\"eo6 Ingenieria\",\"description\":\"Empresa de servicios avanzados de ingenieria\",\"publisher\":{\"@id\":\"https:\/\/eo6ingenieria.com\/es\/#organization\"},\"potentialAction\":[{\"@type\":\"SearchAction\",\"target\":{\"@type\":\"EntryPoint\",\"urlTemplate\":\"https:\/\/eo6ingenieria.com\/es\/?s={search_term_string}\"},\"query-input\":\"required name=search_term_string\"}],\"inLanguage\":\"en-GB\"},{\"@type\":\"WebPage\",\"@id\":\"https:\/\/eo6ingenieria.com\/aviso-legal-eo6-ingenieria-avanzada\/#webpage\",\"url\":\"https:\/\/eo6ingenieria.com\/aviso-legal-eo6-ingenieria-avanzada\/\",\"name\":\"Aviso legal - Eo6 Ingenieria\",\"isPartOf\":{\"@id\":\"https:\/\/eo6ingenieria.com\/es\/#website\"},\"datePublished\":\"2020-04-16T11:21:57+00:00\",\"dateModified\":\"2025-03-12T16:05:30+00:00\",\"description\":\"Los derechos de propiedad intelectual del contenido de las p\\u00e1ginas web, su dise\\u00f1o gr\\u00e1fico y c\\u00f3digos son titularidad de Eo6 Ingenier\\u00eda S.L.P. y por tanto, queda prohibida su reproducci\\u00f3n, distribuci\\u00f3n, comunicaci\\u00f3n p\\u00fablica, transformaci\\u00f3n o cualquier otra actividad que se pueda realizar con los contenidos de sus p\\u00e1ginas web ni a\\u00fan citando las fuentes.\",\"breadcrumb\":{\"@id\":\"https:\/\/eo6ingenieria.com\/aviso-legal-eo6-ingenieria-avanzada\/#breadcrumb\"},\"inLanguage\":\"en-GB\",\"potentialAction\":[{\"@type\":\"ReadAction\",\"target\":[\"https:\/\/eo6ingenieria.com\/aviso-legal-eo6-ingenieria-avanzada\/\"]}]},{\"@type\":\"BreadcrumbList\",\"@id\":\"https:\/\/eo6ingenieria.com\/aviso-legal-eo6-ingenieria-avanzada\/#breadcrumb\",\"itemListElement\":[{\"@type\":\"ListItem\",\"position\":1,\"name\":\"Portada\",\"item\":\"https:\/\/eo6ingenieria.com\/\"},{\"@type\":\"ListItem\",\"position\":2,\"name\":\"Aviso legal\"}]}]}<\/script>\n<!-- \/ Yoast SEO plugin. -->","yoast_head_json":{"title":"Aviso legal - Eo6 Ingenieria","description":"Los derechos de propiedad intelectual del contenido de las p\u00e1ginas web, su dise\u00f1o gr\u00e1fico y c\u00f3digos son titularidad de Eo6 Ingenier\u00eda S.L.P. y por tanto, queda prohibida su reproducci\u00f3n, distribuci\u00f3n, comunicaci\u00f3n p\u00fablica, transformaci\u00f3n o cualquier otra actividad que se pueda realizar con los contenidos de sus p\u00e1ginas web ni a\u00fan citando las fuentes.","robots":{"index":"index","follow":"follow","max-snippet":"max-snippet:-1","max-image-preview":"max-image-preview:large","max-video-preview":"max-video-preview:-1"},"canonical":"https:\/\/eo6ingenieria.com\/en\/legal-notice-eo6-advanced-engineering\/","og_locale":"en_GB","og_type":"article","og_title":"Aviso legal - Eo6 Ingenieria","og_description":"Los derechos de propiedad intelectual del contenido de las p\u00e1ginas web, su dise\u00f1o gr\u00e1fico y c\u00f3digos son titularidad de Eo6 Ingenier\u00eda S.L.P. y por tanto, queda prohibida su reproducci\u00f3n, distribuci\u00f3n, comunicaci\u00f3n p\u00fablica, transformaci\u00f3n o cualquier otra actividad que se pueda realizar con los contenidos de sus p\u00e1ginas web ni a\u00fan citando las fuentes.","og_url":"https:\/\/eo6ingenieria.com\/en\/legal-notice-eo6-advanced-engineering\/","og_site_name":"Eo6 Ingenieria","article_modified_time":"2025-03-12T16:05:30+00:00","twitter_card":"summary_large_image","twitter_misc":{"Estimated reading time":"4 minutes"},"schema":{"@context":"https:\/\/schema.org","@graph":[{"@type":"Organization","@id":"https:\/\/eo6ingenieria.com\/es\/#organization","name":"EO6 Ingenieria","url":"https:\/\/eo6ingenieria.com\/es\/","sameAs":["https:\/\/es.linkedin.com\/company\/eo6-ingenieria-slp"],"logo":{"@type":"ImageObject","@id":"https:\/\/eo6ingenieria.com\/es\/#logo","inLanguage":"en-GB","url":"https:\/\/eo6ingenieria.com\/wp-content\/uploads\/2020\/11\/logo-espacios-grande.png","contentUrl":"https:\/\/eo6ingenieria.com\/wp-content\/uploads\/2020\/11\/logo-espacios-grande.png","width":542,"height":242,"caption":"EO6 Ingenieria"},"image":{"@id":"https:\/\/eo6ingenieria.com\/es\/#logo"}},{"@type":"WebSite","@id":"https:\/\/eo6ingenieria.com\/es\/#website","url":"https:\/\/eo6ingenieria.com\/es\/","name":"eo6 Ingenieria","description":"Empresa de servicios avanzados de ingenieria","publisher":{"@id":"https:\/\/eo6ingenieria.com\/es\/#organization"},"potentialAction":[{"@type":"SearchAction","target":{"@type":"EntryPoint","urlTemplate":"https:\/\/eo6ingenieria.com\/es\/?s={search_term_string}"},"query-input":"required name=search_term_string"}],"inLanguage":"en-GB"},{"@type":"WebPage","@id":"https:\/\/eo6ingenieria.com\/aviso-legal-eo6-ingenieria-avanzada\/#webpage","url":"https:\/\/eo6ingenieria.com\/aviso-legal-eo6-ingenieria-avanzada\/","name":"Aviso legal - Eo6 Ingenieria","isPartOf":{"@id":"https:\/\/eo6ingenieria.com\/es\/#website"},"datePublished":"2020-04-16T11:21:57+00:00","dateModified":"2025-03-12T16:05:30+00:00","description":"Los derechos de propiedad intelectual del contenido de las p\u00e1ginas web, su dise\u00f1o gr\u00e1fico y c\u00f3digos son titularidad de Eo6 Ingenier\u00eda S.L.P. y por tanto, queda prohibida su reproducci\u00f3n, distribuci\u00f3n, comunicaci\u00f3n p\u00fablica, transformaci\u00f3n o cualquier otra actividad que se pueda realizar con los contenidos de sus p\u00e1ginas web ni a\u00fan citando las fuentes.","breadcrumb":{"@id":"https:\/\/eo6ingenieria.com\/aviso-legal-eo6-ingenieria-avanzada\/#breadcrumb"},"inLanguage":"en-GB","potentialAction":[{"@type":"ReadAction","target":["https:\/\/eo6ingenieria.com\/aviso-legal-eo6-ingenieria-avanzada\/"]}]},{"@type":"BreadcrumbList","@id":"https:\/\/eo6ingenieria.com\/aviso-legal-eo6-ingenieria-avanzada\/#breadcrumb","itemListElement":[{"@type":"ListItem","position":1,"name":"Portada","item":"https:\/\/eo6ingenieria.com\/"},{"@type":"ListItem","position":2,"name":"Aviso legal"}]}]}},"_links":{"self":[{"href":"https:\/\/eo6ingenieria.com\/en\/wp-json\/wp\/v2\/pages\/12448"}],"collection":[{"href":"https:\/\/eo6ingenieria.com\/en\/wp-json\/wp\/v2\/pages"}],"about":[{"href":"https:\/\/eo6ingenieria.com\/en\/wp-json\/wp\/v2\/types\/page"}],"author":[{"embeddable":true,"href":"https:\/\/eo6ingenieria.com\/en\/wp-json\/wp\/v2\/users\/1"}],"replies":[{"embeddable":true,"href":"https:\/\/eo6ingenieria.com\/en\/wp-json\/wp\/v2\/comments?post=12448"}],"version-history":[{"count":36,"href":"https:\/\/eo6ingenieria.com\/en\/wp-json\/wp\/v2\/pages\/12448\/revisions"}],"predecessor-version":[{"id":14672,"href":"https:\/\/eo6ingenieria.com\/en\/wp-json\/wp\/v2\/pages\/12448\/revisions\/14672"}],"wp:attachment":[{"href":"https:\/\/eo6ingenieria.com\/en\/wp-json\/wp\/v2\/media?parent=12448"}],"curies":[{"name":"wp","href":"https:\/\/api.w.org\/{rel}","templated":true}]}}