{"id":12216,"date":"2020-04-02T09:02:58","date_gmt":"2020-04-02T09:02:58","guid":{"rendered":"https:\/\/eo6ingenieria.com\/?page_id=12216"},"modified":"2022-05-18T09:17:27","modified_gmt":"2022-05-18T09:17:27","slug":"patente-sistema-para-la-proteccion-de-motociclistas","status":"publish","type":"page","link":"https:\/\/eo6ingenieria.com\/en\/projects-and-patents-by-eo6-advanced-engineering\/patent-motocylist-protection-system\/","title":{"rendered":"Motocyclist Protection System"},"content":{"rendered":"<div class=\"vc_row wpb_row vc_row-fluid vc_hidden-sm vc_hidden-xs no-padding-vc-row vc_custom_1652865146294 vc_row-has-fill vc_row-o-full-height vc_row-o-columns-middle vc_row-flex amz-container-fluid-no-spaces\"><div class=\"wpb_column vc_column_container vc_col-sm-6\"><div class=\"vc_column-inner vc_custom_1617894686684\"><div class=\"wpb_wrapper\"><div id=\"ultimate-heading-307069df27f06f30c\" class=\"uvc-heading ult-adjust-bottom-margin ultimate-heading-307069df27f06f30c uvc-5382\" data-hspacer=\"line_only\"  data-halign=\"left\" style=\"text-align:left\"><div class=\"uvc-main-heading ult-responsive\"  data-ultimate-target='.uvc-heading.ultimate-heading-307069df27f06f30c h1'  data-responsive-json-new='{\"font-size\":\"desktop:36px;\",\"line-height\":\"\"}' ><h1 style=\"font-weight:normal;color:#555555;\">Motocyclist Protection System<\/h1><\/div><div class=\"uvc-heading-spacer line_only\" style=\"margin-bottom:30px;height:3px;\"><span class=\"uvc-headings-line\" style=\"border-style:solid;border-bottom-width:3px;border-color:#f7ac3e;width:70px;\"><\/span><\/div><\/div><\/div><\/div><\/div><div class=\"wpb_column vc_column_container vc_col-sm-6\"><div class=\"vc_column-inner\"><div class=\"wpb_wrapper\"><\/div><\/div><\/div><\/div><!-- Row Backgrounds --><div class=\"upb_bg_img\" data-ultimate-bg=\"url(https:\/\/eo6ingenieria.com\/wp-content\/uploads\/2021\/04\/motoristas_Mesa-de-trabajo-1-copia-2.png)\" data-image-id=\"13394\" data-ultimate-bg-style=\"vcpb-default\" data-bg-img-repeat=\"repeat\" data-bg-img-size=\"cover\" data-bg-img-position=\"\" data-parallx_sense=\"30\" data-bg-override=\"ex-full\" data-bg_img_attach=\"scroll\" data-upb-overlay-color=\"\" data-upb-bg-animation=\"\" data-fadeout=\"\" data-bg-animation=\"left-animation\" data-bg-animation-type=\"h\" data-animation-repeat=\"repeat\" data-fadeout-percentage=\"30\" data-parallax-content=\"\" data-parallax-content-sense=\"30\" data-row-effect-mobile-disable=\"true\" data-img-parallax-mobile-disable=\"true\" data-rtl=\"false\"  data-custom-vc-row=\"\"  data-vc=\"6.7.0\"  data-is_old_vc=\"\"  data-theme-support=\"\"   data-overlay=\"false\" data-overlay-color=\"\" data-overlay-pattern=\"\" data-overlay-pattern-opacity=\"\" data-overlay-pattern-size=\"\"    ><\/div><div class=\"vc_row wpb_row vc_row-fluid vc_hidden-lg vc_hidden-md no-padding-vc-row vc_custom_1652865218652 vc_row-has-fill vc_row-o-full-height vc_row-o-columns-top vc_row-flex amz-container-fluid-no-spaces\"><div class=\"wpb_column vc_column_container vc_col-sm-12\"><div class=\"vc_column-inner vc_custom_1652865292826\"><div class=\"wpb_wrapper\"><div id=\"ultimate-heading-835369df27f0703ae\" class=\"uvc-heading ult-adjust-bottom-margin ultimate-heading-835369df27f0703ae uvc-4453\" data-hspacer=\"line_only\"  data-halign=\"left\" style=\"text-align:left\"><div class=\"uvc-main-heading ult-responsive\"  data-ultimate-target='.uvc-heading.ultimate-heading-835369df27f0703ae h1'  data-responsive-json-new='{\"font-size\":\"desktop:36px;mobile:25px;\",\"line-height\":\"\"}' ><h1 style=\"font-weight:normal;color:#555555;\">Motocyclist Protection System<\/h1><\/div><div class=\"uvc-heading-spacer line_only\" style=\"margin-bottom:30px;height:3px;\"><span class=\"uvc-headings-line\" style=\"border-style:solid;border-bottom-width:3px;border-color:#f7ac3e;width:70px;\"><\/span><\/div><\/div><\/div><\/div><\/div><\/div><!-- Row Backgrounds --><div class=\"upb_bg_img\" data-ultimate-bg=\"url(https:\/\/eo6ingenieria.com\/wp-content\/uploads\/2021\/04\/motoristas_Mesa-de-trabajo-1-copia-2.png)\" data-image-id=\"13394\" data-ultimate-bg-style=\"vcpb-default\" data-bg-img-repeat=\"repeat\" data-bg-img-size=\"cover\" data-bg-img-position=\"\" data-parallx_sense=\"30\" data-bg-override=\"ex-full\" data-bg_img_attach=\"scroll\" data-upb-overlay-color=\"\" data-upb-bg-animation=\"\" data-fadeout=\"\" data-bg-animation=\"left-animation\" data-bg-animation-type=\"h\" data-animation-repeat=\"repeat\" data-fadeout-percentage=\"30\" data-parallax-content=\"\" data-parallax-content-sense=\"30\" data-row-effect-mobile-disable=\"true\" data-img-parallax-mobile-disable=\"true\" data-rtl=\"false\"  data-custom-vc-row=\"\"  data-vc=\"6.7.0\"  data-is_old_vc=\"\"  data-theme-support=\"\"   data-overlay=\"false\" data-overlay-color=\"\" data-overlay-pattern=\"\" data-overlay-pattern-opacity=\"\" data-overlay-pattern-size=\"\"    ><\/div><div class=\"vc_row wpb_row vc_row-fluid no-padding-vc-row vc_custom_1617894594461 vc_row-o-equal-height vc_row-flex amz-remove-margin\"><div class=\"container\"><div class=\"vc_row vc_row-fluid vc_row-o-equal-height vc_row-flex\"><div class=\"wpb_column vc_column_container vc_col-sm-3\"><div class=\"vc_column-inner\"><div class=\"wpb_wrapper\">\n\t<div  class=\"wpb_single_image wpb_content_element vc_align_center\">\n\t\t\n\t\t<figure class=\"wpb_wrapper vc_figure\">\n\t\t\t<div class=\"vc_single_image-wrapper   vc_box_border_grey\"><img width=\"575\" height=\"216\" src=\"https:\/\/eo6ingenieria.com\/wp-content\/uploads\/2020\/04\/villar-transp.png\" class=\"vc_single_image-img attachment-full\" alt=\"\" loading=\"lazy\" srcset=\"https:\/\/eo6ingenieria.com\/wp-content\/uploads\/2020\/04\/villar-transp.png 575w, https:\/\/eo6ingenieria.com\/wp-content\/uploads\/2020\/04\/villar-transp-300x113.png 300w\" sizes=\"(max-width: 575px) 100vw, 575px\" \/><\/div>\n\t\t<\/figure>\n\t<\/div>\n<\/div><\/div><\/div><div class=\"wpb_column vc_column_container vc_col-sm-9\"><div class=\"vc_column-inner\"><div class=\"wpb_wrapper\"><div id=\"ultimate-heading-492669df27f0717ae\" class=\"uvc-heading ult-adjust-bottom-margin ultimate-heading-492669df27f0717ae uvc-6501\" data-hspacer=\"line_only\"  data-halign=\"left\" style=\"text-align:left\"><div class=\"uvc-main-heading ult-responsive\"  data-ultimate-target='.uvc-heading.ultimate-heading-492669df27f0717ae h2'  data-responsive-json-new='{\"font-size\":\"desktop:36px;\",\"line-height\":\"\"}' ><h2 style=\"font-weight:normal;color:#555555;\">CLIENT<\/h2><\/div><div class=\"uvc-heading-spacer line_only\" style=\"margin-bottom:30px;height:3px;\"><span class=\"uvc-headings-line\" style=\"border-style:solid;border-bottom-width:3px;border-color:#f7ac3e;width:70px;\"><\/span><\/div><div class=\"uvc-sub-heading ult-responsive\"  data-ultimate-target='.uvc-heading.ultimate-heading-492669df27f0717ae .uvc-sub-heading '  data-responsive-json-new='{\"font-size\":\"desktop:16px;\",\"line-height\":\"desktop:20px;\"}'  style=\"font-weight:normal;\"><\/p>\n<p style=\"text-align: justify;\" class=\" translation-block\"><strong><a href=\"https:\/\/www.grupovillar.es\/es\/senalizacion\" target=\"_self\">Se\u00f1alizaciones Villar<\/a><\/strong>  was incorporated in 1981 as the first company in the Group to be dedicated to signage. <br>Initially, the focus was on the production and installation of road signs, but diversification was soon to come, seeing the company working at the national level and becoming the leading company in signage, road safety and infrastructure preservation. <br>\nOver the years, new lines of business have been added, turning Villar into a solid Business Group in terms of both resources and financial stability.<\/p>\n<p><\/div><\/div><\/div><\/div><\/div><\/div><\/div><\/div><!-- Row Backgrounds --><div class=\"upb_color\" data-bg-override=\"0\" data-bg-color=\"#ffffff\" data-fadeout=\"\" data-fadeout-percentage=\"30\" data-parallax-content=\"\" data-parallax-content-sense=\"30\" data-row-effect-mobile-disable=\"true\" data-img-parallax-mobile-disable=\"true\" data-rtl=\"false\"  data-custom-vc-row=\"\"  data-vc=\"6.7.0\"  data-is_old_vc=\"\"  data-theme-support=\"\"   data-overlay=\"false\" data-overlay-color=\"\" data-overlay-pattern=\"\" data-overlay-pattern-opacity=\"\" data-overlay-pattern-size=\"\"    ><\/div><div class=\"vc_row wpb_row vc_row-fluid no-padding-vc-row container\"><div class=\"wpb_column vc_column_container vc_col-sm-12\"><div class=\"vc_column-inner\"><div class=\"wpb_wrapper\">\n\t<div  class=\"wpb_single_image wpb_content_element vc_align_center\">\n\t\t<h2 class=\"wpb_heading wpb_singleimage_heading\">PATENT PDF<\/h2>\n\t\t<figure class=\"wpb_wrapper vc_figure\">\n\t\t\t<a href=\"https:\/\/eo6ingenieria.com\/wp-content\/uploads\/2020\/04\/Patente_10089428.pdf\" target=\"_blank\" class=\"vc_single_image-wrapper   vc_box_border_grey\"><img width=\"150\" height=\"150\" src=\"https:\/\/eo6ingenieria.com\/wp-content\/uploads\/2021\/04\/iconos-descarga2-v0-150x150.png\" class=\"vc_single_image-img attachment-thumbnail\" alt=\"\" loading=\"lazy\" srcset=\"https:\/\/eo6ingenieria.com\/wp-content\/uploads\/2021\/04\/iconos-descarga2-v0-150x150.png 150w, https:\/\/eo6ingenieria.com\/wp-content\/uploads\/2021\/04\/iconos-descarga2-v0-13x12.png 13w\" sizes=\"(max-width: 150px) 100vw, 150px\" \/><\/a>\n\t\t<\/figure>\n\t<\/div>\n<\/div><\/div><\/div><\/div><!-- Row Backgrounds --><div class=\"upb_color\" data-bg-override=\"full\" data-bg-color=\"#e9e9e9\" data-fadeout=\"\" data-fadeout-percentage=\"30\" data-parallax-content=\"\" data-parallax-content-sense=\"30\" data-row-effect-mobile-disable=\"true\" data-img-parallax-mobile-disable=\"true\" data-rtl=\"false\"  data-custom-vc-row=\"\"  data-vc=\"6.7.0\"  data-is_old_vc=\"\"  data-theme-support=\"\"   data-overlay=\"false\" data-overlay-color=\"\" data-overlay-pattern=\"\" data-overlay-pattern-opacity=\"\" data-overlay-pattern-size=\"\"    ><\/div>","protected":false},"excerpt":{"rendered":"Sistema para la protecci\u00f3n de motociclistasSistema para la protecci\u00f3n de motociclistas CLIENTE En el a\u00f1o 1981 se constituye Se\u00f1alizaciones Villar como primera empresa del Grupo para desarrollar la actividad de se\u00f1alizaci\u00f3n. Inicialmente se centra en la fabricaci\u00f3n e instalaci\u00f3n de...","protected":false},"author":1,"featured_media":0,"parent":11963,"menu_order":0,"comment_status":"closed","ping_status":"closed","template":"","meta":{"_monsterinsights_skip_tracking":false,"_monsterinsights_sitenote_active":false,"_monsterinsights_sitenote_note":"","_monsterinsights_sitenote_category":0},"yoast_head":"<!-- This site is optimized with the Yoast SEO plugin v17.6 - https:\/\/yoast.com\/wordpress\/plugins\/seo\/ -->\n<title>Sistema para la protecci\u00f3n de motociclistas - Eo6 Ingenieria<\/title>\n<meta name=\"description\" content=\"Informaci\u00f3n y PDF descargable con la patente realizada por Eo6 Ingenier\u00eda: Sistema para la protecci\u00f3n de motociclistas.\" \/>\n<meta name=\"robots\" content=\"index, follow, max-snippet:-1, max-image-preview:large, max-video-preview:-1\" \/>\n<link rel=\"canonical\" href=\"https:\/\/eo6ingenieria.com\/en\/projects-and-patents-by-eo6-advanced-engineering\/patent-motocylist-protection-system\/\" \/>\n<meta property=\"og:locale\" content=\"en_GB\" \/>\n<meta property=\"og:type\" content=\"article\" \/>\n<meta property=\"og:title\" content=\"Sistema para la protecci\u00f3n de motociclistas - Eo6 Ingenieria\" \/>\n<meta property=\"og:description\" content=\"Informaci\u00f3n y PDF descargable con la patente realizada por Eo6 Ingenier\u00eda: Sistema para la protecci\u00f3n de motociclistas.\" \/>\n<meta property=\"og:url\" content=\"https:\/\/eo6ingenieria.com\/en\/projects-and-patents-by-eo6-advanced-engineering\/patent-motocylist-protection-system\/\" \/>\n<meta property=\"og:site_name\" content=\"Eo6 Ingenieria\" \/>\n<meta property=\"article:modified_time\" content=\"2022-05-18T09:17:27+00:00\" \/>\n<meta name=\"twitter:card\" content=\"summary_large_image\" \/>\n<meta name=\"twitter:label1\" content=\"Estimated reading time\" \/>\n\t<meta name=\"twitter:data1\" content=\"1 minute\" \/>\n<script type=\"application\/ld+json\" class=\"yoast-schema-graph\">{\"@context\":\"https:\/\/schema.org\",\"@graph\":[{\"@type\":\"Organization\",\"@id\":\"https:\/\/eo6ingenieria.com\/es\/#organization\",\"name\":\"EO6 Ingenieria\",\"url\":\"https:\/\/eo6ingenieria.com\/es\/\",\"sameAs\":[\"https:\/\/es.linkedin.com\/company\/eo6-ingenieria-slp\"],\"logo\":{\"@type\":\"ImageObject\",\"@id\":\"https:\/\/eo6ingenieria.com\/es\/#logo\",\"inLanguage\":\"en-GB\",\"url\":\"https:\/\/eo6ingenieria.com\/wp-content\/uploads\/2020\/11\/logo-espacios-grande.png\",\"contentUrl\":\"https:\/\/eo6ingenieria.com\/wp-content\/uploads\/2020\/11\/logo-espacios-grande.png\",\"width\":542,\"height\":242,\"caption\":\"EO6 Ingenieria\"},\"image\":{\"@id\":\"https:\/\/eo6ingenieria.com\/es\/#logo\"}},{\"@type\":\"WebSite\",\"@id\":\"https:\/\/eo6ingenieria.com\/es\/#website\",\"url\":\"https:\/\/eo6ingenieria.com\/es\/\",\"name\":\"eo6 Ingenieria\",\"description\":\"Empresa de servicios avanzados de ingenieria\",\"publisher\":{\"@id\":\"https:\/\/eo6ingenieria.com\/es\/#organization\"},\"potentialAction\":[{\"@type\":\"SearchAction\",\"target\":{\"@type\":\"EntryPoint\",\"urlTemplate\":\"https:\/\/eo6ingenieria.com\/es\/?s={search_term_string}\"},\"query-input\":\"required name=search_term_string\"}],\"inLanguage\":\"en-GB\"},{\"@type\":\"WebPage\",\"@id\":\"https:\/\/eo6ingenieria.com\/patentes-y-trabajos-eo6-ingenieria-avanzada\/patente-sistema-para-la-proteccion-de-motociclistas\/#webpage\",\"url\":\"https:\/\/eo6ingenieria.com\/patentes-y-trabajos-eo6-ingenieria-avanzada\/patente-sistema-para-la-proteccion-de-motociclistas\/\",\"name\":\"Sistema para la protecci\\u00f3n de motociclistas - Eo6 Ingenieria\",\"isPartOf\":{\"@id\":\"https:\/\/eo6ingenieria.com\/es\/#website\"},\"datePublished\":\"2020-04-02T09:02:58+00:00\",\"dateModified\":\"2022-05-18T09:17:27+00:00\",\"description\":\"Informaci\\u00f3n y PDF descargable con la patente realizada por Eo6 Ingenier\\u00eda: Sistema para la protecci\\u00f3n de motociclistas.\",\"breadcrumb\":{\"@id\":\"https:\/\/eo6ingenieria.com\/patentes-y-trabajos-eo6-ingenieria-avanzada\/patente-sistema-para-la-proteccion-de-motociclistas\/#breadcrumb\"},\"inLanguage\":\"en-GB\",\"potentialAction\":[{\"@type\":\"ReadAction\",\"target\":[\"https:\/\/eo6ingenieria.com\/patentes-y-trabajos-eo6-ingenieria-avanzada\/patente-sistema-para-la-proteccion-de-motociclistas\/\"]}]},{\"@type\":\"BreadcrumbList\",\"@id\":\"https:\/\/eo6ingenieria.com\/patentes-y-trabajos-eo6-ingenieria-avanzada\/patente-sistema-para-la-proteccion-de-motociclistas\/#breadcrumb\",\"itemListElement\":[{\"@type\":\"ListItem\",\"position\":1,\"name\":\"Portada\",\"item\":\"https:\/\/eo6ingenieria.com\/\"},{\"@type\":\"ListItem\",\"position\":2,\"name\":\"Patentes y trabajos realizados\",\"item\":\"https:\/\/eo6ingenieria.com\/patentes-y-trabajos-eo6-ingenieria-avanzada\/\"},{\"@type\":\"ListItem\",\"position\":3,\"name\":\"Sistema para la protecci\\u00f3n de motociclistas\"}]}]}<\/script>\n<!-- \/ Yoast SEO plugin. -->","yoast_head_json":{"title":"Sistema para la protecci\u00f3n de motociclistas - Eo6 Ingenieria","description":"Informaci\u00f3n y PDF descargable con la patente realizada por Eo6 Ingenier\u00eda: Sistema para la protecci\u00f3n de motociclistas.","robots":{"index":"index","follow":"follow","max-snippet":"max-snippet:-1","max-image-preview":"max-image-preview:large","max-video-preview":"max-video-preview:-1"},"canonical":"https:\/\/eo6ingenieria.com\/en\/projects-and-patents-by-eo6-advanced-engineering\/patent-motocylist-protection-system\/","og_locale":"en_GB","og_type":"article","og_title":"Sistema para la protecci\u00f3n de motociclistas - Eo6 Ingenieria","og_description":"Informaci\u00f3n y PDF descargable con la patente realizada por Eo6 Ingenier\u00eda: Sistema para la protecci\u00f3n de motociclistas.","og_url":"https:\/\/eo6ingenieria.com\/en\/projects-and-patents-by-eo6-advanced-engineering\/patent-motocylist-protection-system\/","og_site_name":"Eo6 Ingenieria","article_modified_time":"2022-05-18T09:17:27+00:00","twitter_card":"summary_large_image","twitter_misc":{"Estimated reading time":"1 minute"},"schema":{"@context":"https:\/\/schema.org","@graph":[{"@type":"Organization","@id":"https:\/\/eo6ingenieria.com\/es\/#organization","name":"EO6 Ingenieria","url":"https:\/\/eo6ingenieria.com\/es\/","sameAs":["https:\/\/es.linkedin.com\/company\/eo6-ingenieria-slp"],"logo":{"@type":"ImageObject","@id":"https:\/\/eo6ingenieria.com\/es\/#logo","inLanguage":"en-GB","url":"https:\/\/eo6ingenieria.com\/wp-content\/uploads\/2020\/11\/logo-espacios-grande.png","contentUrl":"https:\/\/eo6ingenieria.com\/wp-content\/uploads\/2020\/11\/logo-espacios-grande.png","width":542,"height":242,"caption":"EO6 Ingenieria"},"image":{"@id":"https:\/\/eo6ingenieria.com\/es\/#logo"}},{"@type":"WebSite","@id":"https:\/\/eo6ingenieria.com\/es\/#website","url":"https:\/\/eo6ingenieria.com\/es\/","name":"eo6 Ingenieria","description":"Empresa de servicios avanzados de ingenieria","publisher":{"@id":"https:\/\/eo6ingenieria.com\/es\/#organization"},"potentialAction":[{"@type":"SearchAction","target":{"@type":"EntryPoint","urlTemplate":"https:\/\/eo6ingenieria.com\/es\/?s={search_term_string}"},"query-input":"required name=search_term_string"}],"inLanguage":"en-GB"},{"@type":"WebPage","@id":"https:\/\/eo6ingenieria.com\/patentes-y-trabajos-eo6-ingenieria-avanzada\/patente-sistema-para-la-proteccion-de-motociclistas\/#webpage","url":"https:\/\/eo6ingenieria.com\/patentes-y-trabajos-eo6-ingenieria-avanzada\/patente-sistema-para-la-proteccion-de-motociclistas\/","name":"Sistema para la protecci\u00f3n de motociclistas - Eo6 Ingenieria","isPartOf":{"@id":"https:\/\/eo6ingenieria.com\/es\/#website"},"datePublished":"2020-04-02T09:02:58+00:00","dateModified":"2022-05-18T09:17:27+00:00","description":"Informaci\u00f3n y PDF descargable con la patente realizada por Eo6 Ingenier\u00eda: Sistema para la protecci\u00f3n de motociclistas.","breadcrumb":{"@id":"https:\/\/eo6ingenieria.com\/patentes-y-trabajos-eo6-ingenieria-avanzada\/patente-sistema-para-la-proteccion-de-motociclistas\/#breadcrumb"},"inLanguage":"en-GB","potentialAction":[{"@type":"ReadAction","target":["https:\/\/eo6ingenieria.com\/patentes-y-trabajos-eo6-ingenieria-avanzada\/patente-sistema-para-la-proteccion-de-motociclistas\/"]}]},{"@type":"BreadcrumbList","@id":"https:\/\/eo6ingenieria.com\/patentes-y-trabajos-eo6-ingenieria-avanzada\/patente-sistema-para-la-proteccion-de-motociclistas\/#breadcrumb","itemListElement":[{"@type":"ListItem","position":1,"name":"Portada","item":"https:\/\/eo6ingenieria.com\/"},{"@type":"ListItem","position":2,"name":"Patentes y trabajos realizados","item":"https:\/\/eo6ingenieria.com\/patentes-y-trabajos-eo6-ingenieria-avanzada\/"},{"@type":"ListItem","position":3,"name":"Sistema para la protecci\u00f3n de motociclistas"}]}]}},"_links":{"self":[{"href":"https:\/\/eo6ingenieria.com\/en\/wp-json\/wp\/v2\/pages\/12216"}],"collection":[{"href":"https:\/\/eo6ingenieria.com\/en\/wp-json\/wp\/v2\/pages"}],"about":[{"href":"https:\/\/eo6ingenieria.com\/en\/wp-json\/wp\/v2\/types\/page"}],"author":[{"embeddable":true,"href":"https:\/\/eo6ingenieria.com\/en\/wp-json\/wp\/v2\/users\/1"}],"replies":[{"embeddable":true,"href":"https:\/\/eo6ingenieria.com\/en\/wp-json\/wp\/v2\/comments?post=12216"}],"version-history":[{"count":51,"href":"https:\/\/eo6ingenieria.com\/en\/wp-json\/wp\/v2\/pages\/12216\/revisions"}],"predecessor-version":[{"id":14247,"href":"https:\/\/eo6ingenieria.com\/en\/wp-json\/wp\/v2\/pages\/12216\/revisions\/14247"}],"up":[{"embeddable":true,"href":"https:\/\/eo6ingenieria.com\/en\/wp-json\/wp\/v2\/pages\/11963"}],"wp:attachment":[{"href":"https:\/\/eo6ingenieria.com\/en\/wp-json\/wp\/v2\/media?parent=12216"}],"curies":[{"name":"wp","href":"https:\/\/api.w.org\/{rel}","templated":true}]}}